{"id":96,"date":"2015-04-17T18:52:53","date_gmt":"2015-04-17T18:52:53","guid":{"rendered":"http:\/\/aglownet.org\/togo\/?page_id=96"},"modified":"2020-08-07T14:59:30","modified_gmt":"2020-08-07T14:59:30","slug":"aglow-generations","status":"publish","type":"page","link":"https:\/\/aglownet.org\/togo\/aglow-generations\/","title":{"rendered":"Aglow  G\u00e9n\u00e9rations"},"content":{"rendered":"\n\t<p><em>Rassembler, Grandir, Aller&#8230;<\/em><\/p>\nLe groupe de G\u00e9n\u00e9ration fait appel \u00e0 la jeunesse qui a beaucoup de choses \u00e0 donner, \u00e0 partager et qui est une force vive de toute communaut\u00e9 et de l\u2019\u00e9glise.<br \/>\nLa mission d\u2019un groupe de G\u00e9n\u00e9ration est de voir des jeunes former des groupes dans lesquels ils trouveront des occasions de grandir dans leur relation avec Dieu et avec autrui. Ils utiliseront leur cr\u00e9ativit\u00e9 pour atteindre d\u2019autres jeunes et la soci\u00e9t\u00e9 par le Royaume de Dieu et apporter la lumi\u00e8re dans les t\u00e9n\u00e8bres.<br \/>\n<strong>L\u2019objectif est de :<\/strong>\n<ul>\n<li>Promouvoir et stimuler des amiti\u00e9s solides entre jeunes de toutes conditions.<\/li>\n<li>Toucher tous ceux qui m\u00e9connaissent\u00a0 encore J\u00e9sus-Christ. Faire d\u2019eux des disciples et les voir venir \u00e0 J\u00e9sus dans une relation d\u2019amour.<\/li>\n<li>Montrer la diff\u00e9rence entre religion et vraie spiritualit\u00e9.<\/li>\n<li>Impulser des relations avec d\u2019autres membres d\u2019Aglow et apprendre \u00e0 marcher avec les g\u00e9n\u00e9rations qui sont pass\u00e9es devant\u00a0 nous.<\/li>\n<\/ul>\n<p>C\u2019est pour nous un vif d\u00e9sir de voir na\u00eetre\u00a0 des groupes de G\u00e9n\u00e9rations\u00a0 au Togo. Si vous \u00eates int\u00e9ress\u00e9 par ce projet, nous appr\u00e9cierons votre participation. Contactez-nous donc !<\/p>\n","protected":false},"excerpt":{"rendered":"<p>Rassembler, Grandir, Aller&#8230; Le groupe de G\u00e9n\u00e9ration fait appel \u00e0 la jeunesse qui a beaucoup de choses \u00e0 donner, \u00e0 partager et qui est une force vive de toute communaut\u00e9&hellip;<\/p>\n","protected":false},"author":2,"featured_media":0,"parent":0,"menu_order":0,"comment_status":"open","ping_status":"open","template":"","meta":{"footnotes":""},"class_list":["post-96","page","type-page","status-publish","hentry"],"yoast_head":"<!-- This site is optimized with the Yoast SEO plugin v27.3 - https:\/\/yoast.com\/product\/yoast-seo-wordpress\/ -->\n<title>Aglow G\u00e9n\u00e9rations - Aglow International Togo<\/title>\n<meta name=\"robots\" content=\"index, follow, max-snippet:-1, max-image-preview:large, max-video-preview:-1\" \/>\n<link rel=\"canonical\" href=\"https:\/\/aglownet.org\/togo\/aglow-generations\/\" \/>\n<meta property=\"og:locale\" content=\"fr_FR\" \/>\n<meta property=\"og:type\" content=\"article\" \/>\n<meta property=\"og:title\" content=\"Aglow G\u00e9n\u00e9rations - Aglow International Togo\" \/>\n<meta property=\"og:description\" content=\"Rassembler, Grandir, Aller&#8230; Le groupe de G\u00e9n\u00e9ration fait appel \u00e0 la jeunesse qui a beaucoup de choses \u00e0 donner, \u00e0 partager et qui est une force vive de toute communaut\u00e9&hellip;\" \/>\n<meta property=\"og:url\" content=\"https:\/\/aglownet.org\/togo\/aglow-generations\/\" \/>\n<meta property=\"og:site_name\" content=\"Aglow International Togo\" \/>\n<meta property=\"article:modified_time\" content=\"2020-08-07T14:59:30+00:00\" \/>\n<meta name=\"twitter:card\" content=\"summary_large_image\" \/>\n<meta name=\"twitter:label1\" content=\"Dur\u00e9e de lecture estim\u00e9e\" \/>\n\t<meta name=\"twitter:data1\" content=\"1 minute\" \/>\n<script type=\"application\/ld+json\" class=\"yoast-schema-graph\">{\"@context\":\"https:\\\/\\\/schema.org\",\"@graph\":[{\"@type\":\"WebPage\",\"@id\":\"https:\\\/\\\/aglownet.org\\\/togo\\\/aglow-generations\\\/\",\"url\":\"https:\\\/\\\/aglownet.org\\\/togo\\\/aglow-generations\\\/\",\"name\":\"Aglow G\u00e9n\u00e9rations - Aglow International Togo\",\"isPartOf\":{\"@id\":\"https:\\\/\\\/aglownet.org\\\/togo\\\/#website\"},\"datePublished\":\"2015-04-17T18:52:53+00:00\",\"dateModified\":\"2020-08-07T14:59:30+00:00\",\"breadcrumb\":{\"@id\":\"https:\\\/\\\/aglownet.org\\\/togo\\\/aglow-generations\\\/#breadcrumb\"},\"inLanguage\":\"fr-FR\",\"potentialAction\":[{\"@type\":\"ReadAction\",\"target\":[\"https:\\\/\\\/aglownet.org\\\/togo\\\/aglow-generations\\\/\"]}]},{\"@type\":\"BreadcrumbList\",\"@id\":\"https:\\\/\\\/aglownet.org\\\/togo\\\/aglow-generations\\\/#breadcrumb\",\"itemListElement\":[{\"@type\":\"ListItem\",\"position\":1,\"name\":\"Home\",\"item\":\"https:\\\/\\\/aglownet.org\\\/togo\\\/\"},{\"@type\":\"ListItem\",\"position\":2,\"name\":\"Aglow G\u00e9n\u00e9rations\"}]},{\"@type\":\"WebSite\",\"@id\":\"https:\\\/\\\/aglownet.org\\\/togo\\\/#website\",\"url\":\"https:\\\/\\\/aglownet.org\\\/togo\\\/\",\"name\":\"Aglow International Togo\",\"description\":\"Chaque nation touch\u00e9e, chaque c\u0153ur transform\u00e9\",\"publisher\":{\"@id\":\"https:\\\/\\\/aglownet.org\\\/togo\\\/#organization\"},\"potentialAction\":[{\"@type\":\"SearchAction\",\"target\":{\"@type\":\"EntryPoint\",\"urlTemplate\":\"https:\\\/\\\/aglownet.org\\\/togo\\\/?s={search_term_string}\"},\"query-input\":{\"@type\":\"PropertyValueSpecification\",\"valueRequired\":true,\"valueName\":\"search_term_string\"}}],\"inLanguage\":\"fr-FR\"},{\"@type\":\"Organization\",\"@id\":\"https:\\\/\\\/aglownet.org\\\/togo\\\/#organization\",\"name\":\"Aglow International\",\"url\":\"https:\\\/\\\/aglownet.org\\\/togo\\\/\",\"logo\":{\"@type\":\"ImageObject\",\"inLanguage\":\"fr-FR\",\"@id\":\"https:\\\/\\\/aglownet.org\\\/togo\\\/#\\\/schema\\\/logo\\\/image\\\/\",\"url\":\"https:\\\/\\\/aglownet.org\\\/togo\\\/wp-content\\\/uploads\\\/sites\\\/6\\\/2018\\\/02\\\/Aglow_logo-orange-4cp_tagline.72dpi_12in.png\",\"contentUrl\":\"https:\\\/\\\/aglownet.org\\\/togo\\\/wp-content\\\/uploads\\\/sites\\\/6\\\/2018\\\/02\\\/Aglow_logo-orange-4cp_tagline.72dpi_12in.png\",\"width\":864,\"height\":338,\"caption\":\"Aglow International\"},\"image\":{\"@id\":\"https:\\\/\\\/aglownet.org\\\/togo\\\/#\\\/schema\\\/logo\\\/image\\\/\"}}]}<\/script>\n<!-- \/ Yoast SEO plugin. -->","yoast_head_json":{"title":"Aglow G\u00e9n\u00e9rations - Aglow International Togo","robots":{"index":"index","follow":"follow","max-snippet":"max-snippet:-1","max-image-preview":"max-image-preview:large","max-video-preview":"max-video-preview:-1"},"canonical":"https:\/\/aglownet.org\/togo\/aglow-generations\/","og_locale":"fr_FR","og_type":"article","og_title":"Aglow G\u00e9n\u00e9rations - Aglow International Togo","og_description":"Rassembler, Grandir, Aller&#8230; Le groupe de G\u00e9n\u00e9ration fait appel \u00e0 la jeunesse qui a beaucoup de choses \u00e0 donner, \u00e0 partager et qui est une force vive de toute communaut\u00e9&hellip;","og_url":"https:\/\/aglownet.org\/togo\/aglow-generations\/","og_site_name":"Aglow International Togo","article_modified_time":"2020-08-07T14:59:30+00:00","twitter_card":"summary_large_image","twitter_misc":{"Dur\u00e9e de lecture estim\u00e9e":"1 minute"},"schema":{"@context":"https:\/\/schema.org","@graph":[{"@type":"WebPage","@id":"https:\/\/aglownet.org\/togo\/aglow-generations\/","url":"https:\/\/aglownet.org\/togo\/aglow-generations\/","name":"Aglow G\u00e9n\u00e9rations - Aglow International Togo","isPartOf":{"@id":"https:\/\/aglownet.org\/togo\/#website"},"datePublished":"2015-04-17T18:52:53+00:00","dateModified":"2020-08-07T14:59:30+00:00","breadcrumb":{"@id":"https:\/\/aglownet.org\/togo\/aglow-generations\/#breadcrumb"},"inLanguage":"fr-FR","potentialAction":[{"@type":"ReadAction","target":["https:\/\/aglownet.org\/togo\/aglow-generations\/"]}]},{"@type":"BreadcrumbList","@id":"https:\/\/aglownet.org\/togo\/aglow-generations\/#breadcrumb","itemListElement":[{"@type":"ListItem","position":1,"name":"Home","item":"https:\/\/aglownet.org\/togo\/"},{"@type":"ListItem","position":2,"name":"Aglow G\u00e9n\u00e9rations"}]},{"@type":"WebSite","@id":"https:\/\/aglownet.org\/togo\/#website","url":"https:\/\/aglownet.org\/togo\/","name":"Aglow International Togo","description":"Chaque nation touch\u00e9e, chaque c\u0153ur transform\u00e9","publisher":{"@id":"https:\/\/aglownet.org\/togo\/#organization"},"potentialAction":[{"@type":"SearchAction","target":{"@type":"EntryPoint","urlTemplate":"https:\/\/aglownet.org\/togo\/?s={search_term_string}"},"query-input":{"@type":"PropertyValueSpecification","valueRequired":true,"valueName":"search_term_string"}}],"inLanguage":"fr-FR"},{"@type":"Organization","@id":"https:\/\/aglownet.org\/togo\/#organization","name":"Aglow International","url":"https:\/\/aglownet.org\/togo\/","logo":{"@type":"ImageObject","inLanguage":"fr-FR","@id":"https:\/\/aglownet.org\/togo\/#\/schema\/logo\/image\/","url":"https:\/\/aglownet.org\/togo\/wp-content\/uploads\/sites\/6\/2018\/02\/Aglow_logo-orange-4cp_tagline.72dpi_12in.png","contentUrl":"https:\/\/aglownet.org\/togo\/wp-content\/uploads\/sites\/6\/2018\/02\/Aglow_logo-orange-4cp_tagline.72dpi_12in.png","width":864,"height":338,"caption":"Aglow International"},"image":{"@id":"https:\/\/aglownet.org\/togo\/#\/schema\/logo\/image\/"}}]}},"_links":{"self":[{"href":"https:\/\/aglownet.org\/togo\/wp-json\/wp\/v2\/pages\/96","targetHints":{"allow":["GET"]}}],"collection":[{"href":"https:\/\/aglownet.org\/togo\/wp-json\/wp\/v2\/pages"}],"about":[{"href":"https:\/\/aglownet.org\/togo\/wp-json\/wp\/v2\/types\/page"}],"author":[{"embeddable":true,"href":"https:\/\/aglownet.org\/togo\/wp-json\/wp\/v2\/users\/2"}],"replies":[{"embeddable":true,"href":"https:\/\/aglownet.org\/togo\/wp-json\/wp\/v2\/comments?post=96"}],"version-history":[{"count":4,"href":"https:\/\/aglownet.org\/togo\/wp-json\/wp\/v2\/pages\/96\/revisions"}],"predecessor-version":[{"id":363,"href":"https:\/\/aglownet.org\/togo\/wp-json\/wp\/v2\/pages\/96\/revisions\/363"}],"wp:attachment":[{"href":"https:\/\/aglownet.org\/togo\/wp-json\/wp\/v2\/media?parent=96"}],"curies":[{"name":"wp","href":"https:\/\/api.w.org\/{rel}","templated":true}]}}