{"id":9,"date":"2014-05-01T17:15:42","date_gmt":"2014-05-01T17:15:42","guid":{"rendered":"http:\/\/aglownet.org\/togo\/about-aglow\/"},"modified":"2020-09-03T16:04:12","modified_gmt":"2020-09-03T16:04:12","slug":"about-aglow","status":"publish","type":"page","link":"https:\/\/aglownet.org\/togo\/about-aglow\/","title":{"rendered":"About Aglow"},"content":{"rendered":"\n<div id=\"attachment_258\" style=\"width: 307px\" class=\"wp-caption alignright\"><a href=\"https:\/\/aglownet.org\/togo\/wp-content\/uploads\/sites\/6\/2018\/09\/globe.jpg\"><img loading=\"lazy\" decoding=\"async\" aria-describedby=\"caption-attachment-258\" src=\"https:\/\/aglownet.org\/togo\/wp-content\/uploads\/sites\/6\/2018\/09\/globe.jpg\" alt=\"Every nation touched, every heart changed.\" width=\"297\" height=\"192\"><\/a><p id=\"caption-attachment-258\" class=\"wp-caption-text\">Aglow is a global network of men and women that spans cultural, generational, and denominational boundaries.<\/p><\/div>\n<p><strong>Aglow International is a Transformational Kingdom Culture with mindsets not of this world.<\/strong> As a Kingdom Movement, we are committed to seeing God&rsquo;s will done on earth as it is in Heaven by raising up champions and warriors across the earth who will bring freedom to the oppressed while providing opportunities for everyone in our spheres of influence to grow into radiant relationships with each other, as well as, the Father, the Son, and the Holy Spirit.<\/p>\n<p>Aglow is one of the networks that God has built established in the earth to accomplish His purposes in the end times. The real strength of this network is its breadth &#8212; displaying His power, dominion, &amp; authority in 170 nations. We know how to stand against the shifting, changing times, speak into the atmosphere align earth with Heaven&rsquo;s purposes. <strong>That is the power of who we are.<\/strong><\/p>\n<h3>Aglow Meetings<\/h3>\n<p>Aglow is, by nature, dynamic and global. Meetings vary from nation to nation in order to meet the cultural and geographic needs of individuals in locations as diverse as the people themselves! Large groups gather to worship, and listen to guest speakers; smaller groups (from 3-10) meet, forming prayer groups, Bible studies, or care groups. Those with a heart for outreach form groups to help meet community needs such as visiting nursing homes and orphanages, tutoring at schools and participating in food programs.<\/p>\n<p>As Aglow has grown, more groups have formed around special areas of ministry such as prison ministry, ministry within local churches, outreach within neighborhoods, and teen or youth ministry.<\/p>\n<h3>Aglow Bible Studies<\/h3>\n<p>Up close and personal: that\u2019s a good way to describe Aglow Bible studies. A small group meets together regularly to study the Bible and share issues and questions that touch hearts. Bible studies are an especially good place for new Christians to come together with other believers to explore God\u2019s Word and put the timeless truths into action in their own personal lives.&nbsp; Find out more about <a title=\"Aglow's Free Bible Studies\" href=\"https:\/\/www.aglow.org\/resources\/free-resources\/bible-studies\" target=\"_blank\" rel=\"noopener noreferrer\">Aglow&rsquo;s free Bible Studies<\/a>.<\/p>\n<h3>Aglow Conferences<\/h3>\n<div id=\"attachment_257\" style=\"width: 310px\" class=\"wp-caption alignright\"><a href=\"https:\/\/aglownet.org\/togo\/wp-content\/uploads\/sites\/6\/2018\/09\/jane-2013-conf.jpg\"><img loading=\"lazy\" decoding=\"async\" aria-describedby=\"caption-attachment-257\" src=\"https:\/\/aglownet.org\/togo\/wp-content\/uploads\/sites\/6\/2018\/09\/jane-2013-conf-300x223.jpg\" alt=\"Jane Hansen Hoyt at 2013 Imternational Conference\" width=\"300\" height=\"223\"><\/a><p id=\"caption-attachment-257\" class=\"wp-caption-text\">Jane Hansen Hoyt at 2013 Imternational Conference<\/p><\/div>\n<p>More than 100 nations are represented at our worldwide conferences. Around the world, Aglow conferences have become times of visitations from the Lord, individually and corporately.&nbsp; It is during these times that Aglow women and men catch vision from leaders, and become equipped to return as servant leaders in their communities.<\/p>\n<p>Through the years, national conferences have been held in more than 50 nations. Recently, in response to a growing desire among members to widen their sphere beyond national borders, Aglow has encompassed a wider sphere. Aglow\u2019s regional conferences have drawn believers from several nations, to further strengthen the bonds among Christ-followers.<\/p>\n<p>For more than two decades, worldwide conferences (held in the U.S. on odd-numbered years), bring thousands of Aglow members together. One highlight of the gathering is the opening session\u2019s flag parade where leaders from more than 100 nations joyously celebrate their faith, and life in the Spirit.<\/p>\n<p>Visit our <a title=\"Events\" href=\"https:\/\/www.aglow.org\/events\" target=\"_blank\" rel=\"noopener noreferrer\">Events page<\/a> for info on upcoming conferences.<\/p>\n<h3>History<\/h3>\n<p>Aglow began in 1967 with four women who expressed a desire to meet together as Christians without denominational boundaries. The first general meeting was held in Seattle, Washington, USA, close to where Aglow\u2019s Worldwide Headquarters stands today.<\/p>\n<p>The meeting drew more than 100 women to the Meany Hotel near the University of Washington campus. It didn\u2019t take long for women who attended that first meeting to invite their neighbors and friends to gatherings in other communities surrounding Seattle. As the word spread, new groups began springing up around Washington state, and within months, groups formed in other U.S. states.<\/p>\n<p>By 1972, more than 60 local groups held monthly meetings around the U.S. By 1973, Aglow was moving onto the global stage as fellowships began in Canada, and New Zealand. The Netherlands followed in 1974, marking Aglow as an international \u00ab\u00a0Network of caring women,\u00a0\u00bb in just six short years.<\/p>\n<p>Today, Aglow spans the globe! And it continues to reach out to women &#8211; and men &#8211; of every creed, color, and culture to families worldwide. Over 4,600 Aglow groups meet worldwide, about 68% of them are outside the U.S. (over 3,000 groups).<\/p>\n<p>More than 22,000 Aglow leaders worldwide minister in their communities and nations, to an estimated 17 million people each year. Today, indigenous leaders are overseeing Aglow groups in nearly 170 nations around the globe.<\/p>\n","protected":false},"excerpt":{"rendered":"<p>Aglow International is a Transformational Kingdom Culture with mindsets not of this world. As a Kingdom Movement, we are committed to seeing God&rsquo;s will done on earth as it is&hellip;<\/p>\n","protected":false},"author":1,"featured_media":0,"parent":0,"menu_order":0,"comment_status":"closed","ping_status":"closed","template":"","meta":{"footnotes":""},"class_list":["post-9","page","type-page","status-publish","hentry"],"yoast_head":"<!-- This site is optimized with the Yoast SEO plugin v27.3 - https:\/\/yoast.com\/product\/yoast-seo-wordpress\/ -->\n<title>About Aglow - Aglow International Togo<\/title>\n<meta name=\"robots\" content=\"index, follow, max-snippet:-1, max-image-preview:large, max-video-preview:-1\" \/>\n<link rel=\"canonical\" href=\"https:\/\/aglownet.org\/togo\/about-aglow\/\" \/>\n<meta property=\"og:locale\" content=\"fr_FR\" \/>\n<meta property=\"og:type\" content=\"article\" \/>\n<meta property=\"og:title\" content=\"About Aglow - Aglow International Togo\" \/>\n<meta property=\"og:description\" content=\"Aglow International is a Transformational Kingdom Culture with mindsets not of this world. As a Kingdom Movement, we are committed to seeing God&rsquo;s will done on earth as it is&hellip;\" \/>\n<meta property=\"og:url\" content=\"https:\/\/aglownet.org\/togo\/about-aglow\/\" \/>\n<meta property=\"og:site_name\" content=\"Aglow International Togo\" \/>\n<meta property=\"article:modified_time\" content=\"2020-09-03T16:04:12+00:00\" \/>\n<meta property=\"og:image\" content=\"https:\/\/aglownet.org\/togo\/wp-content\/uploads\/sites\/6\/2018\/09\/globe.jpg\" \/>\n<meta name=\"twitter:card\" content=\"summary_large_image\" \/>\n<meta name=\"twitter:label1\" content=\"Dur\u00e9e de lecture estim\u00e9e\" \/>\n\t<meta name=\"twitter:data1\" content=\"4 minutes\" \/>\n<script type=\"application\/ld+json\" class=\"yoast-schema-graph\">{\"@context\":\"https:\\\/\\\/schema.org\",\"@graph\":[{\"@type\":\"WebPage\",\"@id\":\"https:\\\/\\\/aglownet.org\\\/togo\\\/about-aglow\\\/\",\"url\":\"https:\\\/\\\/aglownet.org\\\/togo\\\/about-aglow\\\/\",\"name\":\"About Aglow - Aglow International Togo\",\"isPartOf\":{\"@id\":\"https:\\\/\\\/aglownet.org\\\/togo\\\/#website\"},\"primaryImageOfPage\":{\"@id\":\"https:\\\/\\\/aglownet.org\\\/togo\\\/about-aglow\\\/#primaryimage\"},\"image\":{\"@id\":\"https:\\\/\\\/aglownet.org\\\/togo\\\/about-aglow\\\/#primaryimage\"},\"thumbnailUrl\":\"https:\\\/\\\/aglownet.org\\\/togo\\\/wp-content\\\/uploads\\\/sites\\\/6\\\/2018\\\/09\\\/globe.jpg\",\"datePublished\":\"2014-05-01T17:15:42+00:00\",\"dateModified\":\"2020-09-03T16:04:12+00:00\",\"breadcrumb\":{\"@id\":\"https:\\\/\\\/aglownet.org\\\/togo\\\/about-aglow\\\/#breadcrumb\"},\"inLanguage\":\"fr-FR\",\"potentialAction\":[{\"@type\":\"ReadAction\",\"target\":[\"https:\\\/\\\/aglownet.org\\\/togo\\\/about-aglow\\\/\"]}]},{\"@type\":\"ImageObject\",\"inLanguage\":\"fr-FR\",\"@id\":\"https:\\\/\\\/aglownet.org\\\/togo\\\/about-aglow\\\/#primaryimage\",\"url\":\"https:\\\/\\\/aglownet.org\\\/togo\\\/wp-content\\\/uploads\\\/sites\\\/6\\\/2018\\\/09\\\/globe.jpg\",\"contentUrl\":\"https:\\\/\\\/aglownet.org\\\/togo\\\/wp-content\\\/uploads\\\/sites\\\/6\\\/2018\\\/09\\\/globe.jpg\",\"width\":380,\"height\":246,\"caption\":\"Every nation touched, every heart changed.\"},{\"@type\":\"BreadcrumbList\",\"@id\":\"https:\\\/\\\/aglownet.org\\\/togo\\\/about-aglow\\\/#breadcrumb\",\"itemListElement\":[{\"@type\":\"ListItem\",\"position\":1,\"name\":\"Home\",\"item\":\"https:\\\/\\\/aglownet.org\\\/togo\\\/\"},{\"@type\":\"ListItem\",\"position\":2,\"name\":\"About Aglow\"}]},{\"@type\":\"WebSite\",\"@id\":\"https:\\\/\\\/aglownet.org\\\/togo\\\/#website\",\"url\":\"https:\\\/\\\/aglownet.org\\\/togo\\\/\",\"name\":\"Aglow International Togo\",\"description\":\"Chaque nation touch\u00e9e, chaque c\u0153ur transform\u00e9\",\"publisher\":{\"@id\":\"https:\\\/\\\/aglownet.org\\\/togo\\\/#organization\"},\"potentialAction\":[{\"@type\":\"SearchAction\",\"target\":{\"@type\":\"EntryPoint\",\"urlTemplate\":\"https:\\\/\\\/aglownet.org\\\/togo\\\/?s={search_term_string}\"},\"query-input\":{\"@type\":\"PropertyValueSpecification\",\"valueRequired\":true,\"valueName\":\"search_term_string\"}}],\"inLanguage\":\"fr-FR\"},{\"@type\":\"Organization\",\"@id\":\"https:\\\/\\\/aglownet.org\\\/togo\\\/#organization\",\"name\":\"Aglow International\",\"url\":\"https:\\\/\\\/aglownet.org\\\/togo\\\/\",\"logo\":{\"@type\":\"ImageObject\",\"inLanguage\":\"fr-FR\",\"@id\":\"https:\\\/\\\/aglownet.org\\\/togo\\\/#\\\/schema\\\/logo\\\/image\\\/\",\"url\":\"https:\\\/\\\/aglownet.org\\\/togo\\\/wp-content\\\/uploads\\\/sites\\\/6\\\/2018\\\/02\\\/Aglow_logo-orange-4cp_tagline.72dpi_12in.png\",\"contentUrl\":\"https:\\\/\\\/aglownet.org\\\/togo\\\/wp-content\\\/uploads\\\/sites\\\/6\\\/2018\\\/02\\\/Aglow_logo-orange-4cp_tagline.72dpi_12in.png\",\"width\":864,\"height\":338,\"caption\":\"Aglow International\"},\"image\":{\"@id\":\"https:\\\/\\\/aglownet.org\\\/togo\\\/#\\\/schema\\\/logo\\\/image\\\/\"}}]}<\/script>\n<!-- \/ Yoast SEO plugin. -->","yoast_head_json":{"title":"About Aglow - Aglow International Togo","robots":{"index":"index","follow":"follow","max-snippet":"max-snippet:-1","max-image-preview":"max-image-preview:large","max-video-preview":"max-video-preview:-1"},"canonical":"https:\/\/aglownet.org\/togo\/about-aglow\/","og_locale":"fr_FR","og_type":"article","og_title":"About Aglow - Aglow International Togo","og_description":"Aglow International is a Transformational Kingdom Culture with mindsets not of this world. As a Kingdom Movement, we are committed to seeing God&rsquo;s will done on earth as it is&hellip;","og_url":"https:\/\/aglownet.org\/togo\/about-aglow\/","og_site_name":"Aglow International Togo","article_modified_time":"2020-09-03T16:04:12+00:00","og_image":[{"url":"https:\/\/aglownet.org\/togo\/wp-content\/uploads\/sites\/6\/2018\/09\/globe.jpg","type":"","width":"","height":""}],"twitter_card":"summary_large_image","twitter_misc":{"Dur\u00e9e de lecture estim\u00e9e":"4 minutes"},"schema":{"@context":"https:\/\/schema.org","@graph":[{"@type":"WebPage","@id":"https:\/\/aglownet.org\/togo\/about-aglow\/","url":"https:\/\/aglownet.org\/togo\/about-aglow\/","name":"About Aglow - Aglow International Togo","isPartOf":{"@id":"https:\/\/aglownet.org\/togo\/#website"},"primaryImageOfPage":{"@id":"https:\/\/aglownet.org\/togo\/about-aglow\/#primaryimage"},"image":{"@id":"https:\/\/aglownet.org\/togo\/about-aglow\/#primaryimage"},"thumbnailUrl":"https:\/\/aglownet.org\/togo\/wp-content\/uploads\/sites\/6\/2018\/09\/globe.jpg","datePublished":"2014-05-01T17:15:42+00:00","dateModified":"2020-09-03T16:04:12+00:00","breadcrumb":{"@id":"https:\/\/aglownet.org\/togo\/about-aglow\/#breadcrumb"},"inLanguage":"fr-FR","potentialAction":[{"@type":"ReadAction","target":["https:\/\/aglownet.org\/togo\/about-aglow\/"]}]},{"@type":"ImageObject","inLanguage":"fr-FR","@id":"https:\/\/aglownet.org\/togo\/about-aglow\/#primaryimage","url":"https:\/\/aglownet.org\/togo\/wp-content\/uploads\/sites\/6\/2018\/09\/globe.jpg","contentUrl":"https:\/\/aglownet.org\/togo\/wp-content\/uploads\/sites\/6\/2018\/09\/globe.jpg","width":380,"height":246,"caption":"Every nation touched, every heart changed."},{"@type":"BreadcrumbList","@id":"https:\/\/aglownet.org\/togo\/about-aglow\/#breadcrumb","itemListElement":[{"@type":"ListItem","position":1,"name":"Home","item":"https:\/\/aglownet.org\/togo\/"},{"@type":"ListItem","position":2,"name":"About Aglow"}]},{"@type":"WebSite","@id":"https:\/\/aglownet.org\/togo\/#website","url":"https:\/\/aglownet.org\/togo\/","name":"Aglow International Togo","description":"Chaque nation touch\u00e9e, chaque c\u0153ur transform\u00e9","publisher":{"@id":"https:\/\/aglownet.org\/togo\/#organization"},"potentialAction":[{"@type":"SearchAction","target":{"@type":"EntryPoint","urlTemplate":"https:\/\/aglownet.org\/togo\/?s={search_term_string}"},"query-input":{"@type":"PropertyValueSpecification","valueRequired":true,"valueName":"search_term_string"}}],"inLanguage":"fr-FR"},{"@type":"Organization","@id":"https:\/\/aglownet.org\/togo\/#organization","name":"Aglow International","url":"https:\/\/aglownet.org\/togo\/","logo":{"@type":"ImageObject","inLanguage":"fr-FR","@id":"https:\/\/aglownet.org\/togo\/#\/schema\/logo\/image\/","url":"https:\/\/aglownet.org\/togo\/wp-content\/uploads\/sites\/6\/2018\/02\/Aglow_logo-orange-4cp_tagline.72dpi_12in.png","contentUrl":"https:\/\/aglownet.org\/togo\/wp-content\/uploads\/sites\/6\/2018\/02\/Aglow_logo-orange-4cp_tagline.72dpi_12in.png","width":864,"height":338,"caption":"Aglow International"},"image":{"@id":"https:\/\/aglownet.org\/togo\/#\/schema\/logo\/image\/"}}]}},"_links":{"self":[{"href":"https:\/\/aglownet.org\/togo\/wp-json\/wp\/v2\/pages\/9","targetHints":{"allow":["GET"]}}],"collection":[{"href":"https:\/\/aglownet.org\/togo\/wp-json\/wp\/v2\/pages"}],"about":[{"href":"https:\/\/aglownet.org\/togo\/wp-json\/wp\/v2\/types\/page"}],"author":[{"embeddable":true,"href":"https:\/\/aglownet.org\/togo\/wp-json\/wp\/v2\/users\/1"}],"replies":[{"embeddable":true,"href":"https:\/\/aglownet.org\/togo\/wp-json\/wp\/v2\/comments?post=9"}],"version-history":[{"count":42,"href":"https:\/\/aglownet.org\/togo\/wp-json\/wp\/v2\/pages\/9\/revisions"}],"predecessor-version":[{"id":368,"href":"https:\/\/aglownet.org\/togo\/wp-json\/wp\/v2\/pages\/9\/revisions\/368"}],"wp:attachment":[{"href":"https:\/\/aglownet.org\/togo\/wp-json\/wp\/v2\/media?parent=9"}],"curies":[{"name":"wp","href":"https:\/\/api.w.org\/{rel}","templated":true}]}}