{"id":8,"date":"2014-12-17T17:11:26","date_gmt":"2014-12-17T17:11:26","guid":{"rendered":"http:\/\/aglownet.org\/togo\/mandates-francaise\/"},"modified":"2014-12-19T16:58:28","modified_gmt":"2014-12-19T16:58:28","slug":"mandates-francaise","status":"publish","type":"page","link":"https:\/\/aglownet.org\/togo\/mandates-francaise\/","title":{"rendered":"Aglow Mandates (Fran\u00e7aise)"},"content":{"rendered":"<p>(<a title=\"Aglow Mandates\" href=\"https:\/\/aglownet.org\/togo\/aglow-mandates-2\/\">English<\/a> | Fran\u00e7aise)<\/p>\n<h3>Les mandats d\u2019Aglow<\/h3>\n<p>Nous croyons que Dieu a fait m\u00fbrir les femmes d\u2019Aglow afin qu\u2019elles puissent recevoir de Lui trois mandats sp\u00e9cifiques par la foi, et les vivre pour le bien de Son royaume.<\/p>\n<p><strong>Tels sont nos mandats:<\/strong><\/p>\n<ul>\n<li>Promouvoir la r\u00e9conciliation entre l\u2019homme et la femme dans le Corps du Christ tel que Dieu l\u2019a prescrit.<\/li>\n<li>R\u00e9pondre \u00e0 l\u2019appel de Dieu qui consiste \u00e0 \u00e9vang\u00e9liser le peuple musulman, tout en soulignant les diff\u00e9rences th\u00e9ologiques fondamentales entre l\u2019Islam et le Christianisme.<\/li>\n<li>Soutenir Isra\u00ebl et le peuple juif avec tout notre amour, tout en aidant le Corps de Christ \u00e0 prendre conscience\u00a0 des plans et objectifs de Dieu pour ce peuple qu\u2019Il appelle la prunelle de ses yeux.<\/li>\n<\/ul>\n","protected":false},"excerpt":{"rendered":"<p>(English | Fran\u00e7aise) Les mandats d\u2019Aglow Nous croyons que Dieu a fait m\u00fbrir les femmes d\u2019Aglow afin qu\u2019elles puissent recevoir de Lui trois mandats sp\u00e9cifiques par la foi, et les&hellip;<\/p>\n","protected":false},"author":2,"featured_media":0,"parent":0,"menu_order":0,"comment_status":"closed","ping_status":"closed","template":"","meta":{"footnotes":""},"class_list":["post-8","page","type-page","status-publish","hentry"],"yoast_head":"<!-- This site is optimized with the Yoast SEO plugin v27.4 - https:\/\/yoast.com\/product\/yoast-seo-wordpress\/ -->\n<title>Aglow Mandates (Fran\u00e7aise) - Aglow International Togo<\/title>\n<meta name=\"robots\" content=\"index, follow, max-snippet:-1, max-image-preview:large, max-video-preview:-1\" \/>\n<link rel=\"canonical\" href=\"https:\/\/aglownet.org\/togo\/mandates-francaise\/\" \/>\n<meta property=\"og:locale\" content=\"fr_FR\" \/>\n<meta property=\"og:type\" content=\"article\" \/>\n<meta property=\"og:title\" content=\"Aglow Mandates (Fran\u00e7aise) - Aglow International Togo\" \/>\n<meta property=\"og:description\" content=\"(English | Fran\u00e7aise) Les mandats d\u2019Aglow Nous croyons que Dieu a fait m\u00fbrir les femmes d\u2019Aglow afin qu\u2019elles puissent recevoir de Lui trois mandats sp\u00e9cifiques par la foi, et les&hellip;\" \/>\n<meta property=\"og:url\" content=\"https:\/\/aglownet.org\/togo\/mandates-francaise\/\" \/>\n<meta property=\"og:site_name\" content=\"Aglow International Togo\" \/>\n<meta property=\"article:modified_time\" content=\"2014-12-19T16:58:28+00:00\" \/>\n<meta name=\"twitter:card\" content=\"summary_large_image\" \/>\n<meta name=\"twitter:label1\" content=\"Dur\u00e9e de lecture estim\u00e9e\" \/>\n\t<meta name=\"twitter:data1\" content=\"1 minute\" \/>\n<script type=\"application\/ld+json\" class=\"yoast-schema-graph\">{\"@context\":\"https:\\\/\\\/schema.org\",\"@graph\":[{\"@type\":\"WebPage\",\"@id\":\"https:\\\/\\\/aglownet.org\\\/togo\\\/mandates-francaise\\\/\",\"url\":\"https:\\\/\\\/aglownet.org\\\/togo\\\/mandates-francaise\\\/\",\"name\":\"Aglow Mandates (Fran\u00e7aise) - Aglow International Togo\",\"isPartOf\":{\"@id\":\"https:\\\/\\\/aglownet.org\\\/togo\\\/#website\"},\"datePublished\":\"2014-12-17T17:11:26+00:00\",\"dateModified\":\"2014-12-19T16:58:28+00:00\",\"breadcrumb\":{\"@id\":\"https:\\\/\\\/aglownet.org\\\/togo\\\/mandates-francaise\\\/#breadcrumb\"},\"inLanguage\":\"fr-FR\",\"potentialAction\":[{\"@type\":\"ReadAction\",\"target\":[\"https:\\\/\\\/aglownet.org\\\/togo\\\/mandates-francaise\\\/\"]}]},{\"@type\":\"BreadcrumbList\",\"@id\":\"https:\\\/\\\/aglownet.org\\\/togo\\\/mandates-francaise\\\/#breadcrumb\",\"itemListElement\":[{\"@type\":\"ListItem\",\"position\":1,\"name\":\"Home\",\"item\":\"https:\\\/\\\/aglownet.org\\\/togo\\\/\"},{\"@type\":\"ListItem\",\"position\":2,\"name\":\"Aglow Mandates (Fran\u00e7aise)\"}]},{\"@type\":\"WebSite\",\"@id\":\"https:\\\/\\\/aglownet.org\\\/togo\\\/#website\",\"url\":\"https:\\\/\\\/aglownet.org\\\/togo\\\/\",\"name\":\"Aglow International Togo\",\"description\":\"Chaque nation touch\u00e9e, chaque c\u0153ur transform\u00e9\",\"publisher\":{\"@id\":\"https:\\\/\\\/aglownet.org\\\/togo\\\/#organization\"},\"potentialAction\":[{\"@type\":\"SearchAction\",\"target\":{\"@type\":\"EntryPoint\",\"urlTemplate\":\"https:\\\/\\\/aglownet.org\\\/togo\\\/?s={search_term_string}\"},\"query-input\":{\"@type\":\"PropertyValueSpecification\",\"valueRequired\":true,\"valueName\":\"search_term_string\"}}],\"inLanguage\":\"fr-FR\"},{\"@type\":\"Organization\",\"@id\":\"https:\\\/\\\/aglownet.org\\\/togo\\\/#organization\",\"name\":\"Aglow International\",\"url\":\"https:\\\/\\\/aglownet.org\\\/togo\\\/\",\"logo\":{\"@type\":\"ImageObject\",\"inLanguage\":\"fr-FR\",\"@id\":\"https:\\\/\\\/aglownet.org\\\/togo\\\/#\\\/schema\\\/logo\\\/image\\\/\",\"url\":\"https:\\\/\\\/aglownet.org\\\/togo\\\/wp-content\\\/uploads\\\/sites\\\/6\\\/2018\\\/02\\\/Aglow_logo-orange-4cp_tagline.72dpi_12in.png\",\"contentUrl\":\"https:\\\/\\\/aglownet.org\\\/togo\\\/wp-content\\\/uploads\\\/sites\\\/6\\\/2018\\\/02\\\/Aglow_logo-orange-4cp_tagline.72dpi_12in.png\",\"width\":864,\"height\":338,\"caption\":\"Aglow International\"},\"image\":{\"@id\":\"https:\\\/\\\/aglownet.org\\\/togo\\\/#\\\/schema\\\/logo\\\/image\\\/\"}}]}<\/script>\n<!-- \/ Yoast SEO plugin. -->","yoast_head_json":{"title":"Aglow Mandates (Fran\u00e7aise) - Aglow International Togo","robots":{"index":"index","follow":"follow","max-snippet":"max-snippet:-1","max-image-preview":"max-image-preview:large","max-video-preview":"max-video-preview:-1"},"canonical":"https:\/\/aglownet.org\/togo\/mandates-francaise\/","og_locale":"fr_FR","og_type":"article","og_title":"Aglow Mandates (Fran\u00e7aise) - Aglow International Togo","og_description":"(English | Fran\u00e7aise) Les mandats d\u2019Aglow Nous croyons que Dieu a fait m\u00fbrir les femmes d\u2019Aglow afin qu\u2019elles puissent recevoir de Lui trois mandats sp\u00e9cifiques par la foi, et les&hellip;","og_url":"https:\/\/aglownet.org\/togo\/mandates-francaise\/","og_site_name":"Aglow International Togo","article_modified_time":"2014-12-19T16:58:28+00:00","twitter_card":"summary_large_image","twitter_misc":{"Dur\u00e9e de lecture estim\u00e9e":"1 minute"},"schema":{"@context":"https:\/\/schema.org","@graph":[{"@type":"WebPage","@id":"https:\/\/aglownet.org\/togo\/mandates-francaise\/","url":"https:\/\/aglownet.org\/togo\/mandates-francaise\/","name":"Aglow Mandates (Fran\u00e7aise) - Aglow International Togo","isPartOf":{"@id":"https:\/\/aglownet.org\/togo\/#website"},"datePublished":"2014-12-17T17:11:26+00:00","dateModified":"2014-12-19T16:58:28+00:00","breadcrumb":{"@id":"https:\/\/aglownet.org\/togo\/mandates-francaise\/#breadcrumb"},"inLanguage":"fr-FR","potentialAction":[{"@type":"ReadAction","target":["https:\/\/aglownet.org\/togo\/mandates-francaise\/"]}]},{"@type":"BreadcrumbList","@id":"https:\/\/aglownet.org\/togo\/mandates-francaise\/#breadcrumb","itemListElement":[{"@type":"ListItem","position":1,"name":"Home","item":"https:\/\/aglownet.org\/togo\/"},{"@type":"ListItem","position":2,"name":"Aglow Mandates (Fran\u00e7aise)"}]},{"@type":"WebSite","@id":"https:\/\/aglownet.org\/togo\/#website","url":"https:\/\/aglownet.org\/togo\/","name":"Aglow International Togo","description":"Chaque nation touch\u00e9e, chaque c\u0153ur transform\u00e9","publisher":{"@id":"https:\/\/aglownet.org\/togo\/#organization"},"potentialAction":[{"@type":"SearchAction","target":{"@type":"EntryPoint","urlTemplate":"https:\/\/aglownet.org\/togo\/?s={search_term_string}"},"query-input":{"@type":"PropertyValueSpecification","valueRequired":true,"valueName":"search_term_string"}}],"inLanguage":"fr-FR"},{"@type":"Organization","@id":"https:\/\/aglownet.org\/togo\/#organization","name":"Aglow International","url":"https:\/\/aglownet.org\/togo\/","logo":{"@type":"ImageObject","inLanguage":"fr-FR","@id":"https:\/\/aglownet.org\/togo\/#\/schema\/logo\/image\/","url":"https:\/\/aglownet.org\/togo\/wp-content\/uploads\/sites\/6\/2018\/02\/Aglow_logo-orange-4cp_tagline.72dpi_12in.png","contentUrl":"https:\/\/aglownet.org\/togo\/wp-content\/uploads\/sites\/6\/2018\/02\/Aglow_logo-orange-4cp_tagline.72dpi_12in.png","width":864,"height":338,"caption":"Aglow International"},"image":{"@id":"https:\/\/aglownet.org\/togo\/#\/schema\/logo\/image\/"}}]}},"_links":{"self":[{"href":"https:\/\/aglownet.org\/togo\/wp-json\/wp\/v2\/pages\/8","targetHints":{"allow":["GET"]}}],"collection":[{"href":"https:\/\/aglownet.org\/togo\/wp-json\/wp\/v2\/pages"}],"about":[{"href":"https:\/\/aglownet.org\/togo\/wp-json\/wp\/v2\/types\/page"}],"author":[{"embeddable":true,"href":"https:\/\/aglownet.org\/togo\/wp-json\/wp\/v2\/users\/2"}],"replies":[{"embeddable":true,"href":"https:\/\/aglownet.org\/togo\/wp-json\/wp\/v2\/comments?post=8"}],"version-history":[{"count":5,"href":"https:\/\/aglownet.org\/togo\/wp-json\/wp\/v2\/pages\/8\/revisions"}],"predecessor-version":[{"id":236,"href":"https:\/\/aglownet.org\/togo\/wp-json\/wp\/v2\/pages\/8\/revisions\/236"}],"wp:attachment":[{"href":"https:\/\/aglownet.org\/togo\/wp-json\/wp\/v2\/media?parent=8"}],"curies":[{"name":"wp","href":"https:\/\/api.w.org\/{rel}","templated":true}]}}