{"id":60,"date":"2015-01-06T20:32:50","date_gmt":"2015-01-06T20:32:50","guid":{"rendered":"http:\/\/aglownet.org\/togo\/?page_id=60"},"modified":"2020-08-07T15:06:55","modified_gmt":"2020-08-07T15:06:55","slug":"bureau-national","status":"publish","type":"page","link":"https:\/\/aglownet.org\/togo\/bureau-national\/","title":{"rendered":"Bureau National"},"content":{"rendered":"<h2>\n\t\tMembres du Bureau National\n\t<\/h2>\n\t\t\t\t<img loading=\"lazy\" decoding=\"async\" src=\"https:\/\/aglownet.org\/togo\/wp-content\/uploads\/sites\/6\/2015\/01\/agnes-johnson-1.jpg\" alt=\"Aglow Togo National President - Agnes Johnson\" itemprop=\"image\" height=\"400\" width=\"320\" title=\"Aglow Togo National President - Agnes Johnson\" onerror=\"this.style.display='none'\"  \/>\n\t\tAglow Togo National President &#8211; Agnes Johnson\n\t\t\t\t<img loading=\"lazy\" decoding=\"async\" src=\"https:\/\/aglownet.org\/togo\/wp-content\/uploads\/sites\/6\/2015\/01\/gertrude-nador-border.jpg\" alt=\"Gertrude a. Nador - Secretaire Nationale\" itemprop=\"image\" height=\"400\" width=\"320\" title=\"Gertrude a. Nador - Secretaire Nationale\" onerror=\"this.style.display='none'\"  \/>\n\t\tGertrude a. Nador &#8211; Secretaire Nationale\n\t\t\t\t<img loading=\"lazy\" decoding=\"async\" src=\"https:\/\/aglownet.org\/togo\/wp-content\/uploads\/sites\/6\/2015\/01\/madeleine-dossou-border.jpg\" alt=\"Madeleine k. Dossou - Coordinatrice Nationale de Priere\" itemprop=\"image\" height=\"400\" width=\"320\" title=\"Madeleine k. Dossou - Coordinatrice Nationale de Priere\" onerror=\"this.style.display='none'\"  \/>\n\t\tMadeleine k. Dossou &#8211; Coordinatrice Nationale de Priere\n\t\t\t\t<img loading=\"lazy\" decoding=\"async\" src=\"https:\/\/aglownet.org\/togo\/wp-content\/uploads\/sites\/6\/2015\/01\/alice-apaloo-border.jpg\" alt=\"Alice a. Apaloo - Vice-Presidente Chargee de la Propagation et de la Jeunesse\" itemprop=\"image\" height=\"400\" width=\"320\" title=\"Alice a. Apaloo - Vice-Presidente Chargee de la Propagation et de la Jeunesse\" onerror=\"this.style.display='none'\"  \/>\n\t\t\t\t<img loading=\"lazy\" decoding=\"async\" src=\"https:\/\/aglownet.org\/togo\/wp-content\/uploads\/sites\/6\/2015\/01\/agnes-amengnona-border.jpg\" alt=\"Agnes Amegnona - Vice-Presidente Chargee De Formations\" itemprop=\"image\" height=\"400\" width=\"320\" title=\"Agnes Amegnona - Vice-Presidente Chargee De Formations\" onerror=\"this.style.display='none'\"  \/>\n","protected":false},"excerpt":{"rendered":"<p>Membres du Bureau National Aglow Togo National President &#8211; Agnes Johnson Gertrude a. Nador &#8211; Secretaire Nationale Madeleine k. Dossou &#8211; Coordinatrice Nationale de Priere<\/p>\n","protected":false},"author":2,"featured_media":0,"parent":0,"menu_order":0,"comment_status":"open","ping_status":"open","template":"","meta":{"footnotes":""},"class_list":["post-60","page","type-page","status-publish","hentry"],"yoast_head":"<!-- This site is optimized with the Yoast SEO plugin v27.3 - https:\/\/yoast.com\/product\/yoast-seo-wordpress\/ -->\n<title>Bureau National - Aglow International Togo<\/title>\n<meta name=\"robots\" content=\"index, follow, max-snippet:-1, max-image-preview:large, max-video-preview:-1\" \/>\n<link rel=\"canonical\" href=\"https:\/\/aglownet.org\/togo\/bureau-national\/\" \/>\n<meta property=\"og:locale\" content=\"fr_FR\" \/>\n<meta property=\"og:type\" content=\"article\" \/>\n<meta property=\"og:title\" content=\"Bureau National - Aglow International Togo\" \/>\n<meta property=\"og:description\" content=\"Membres du Bureau National Aglow Togo National President &#8211; Agnes Johnson Gertrude a. Nador &#8211; Secretaire Nationale Madeleine k. Dossou &#8211; Coordinatrice Nationale de Priere\" \/>\n<meta property=\"og:url\" content=\"https:\/\/aglownet.org\/togo\/bureau-national\/\" \/>\n<meta property=\"og:site_name\" content=\"Aglow International Togo\" \/>\n<meta property=\"article:modified_time\" content=\"2020-08-07T15:06:55+00:00\" \/>\n<meta property=\"og:image\" content=\"https:\/\/aglownet.org\/togo\/wp-content\/uploads\/sites\/6\/2015\/01\/agnes-johnson-1.jpg\" \/>\n<meta name=\"twitter:card\" content=\"summary_large_image\" \/>\n<script type=\"application\/ld+json\" class=\"yoast-schema-graph\">{\"@context\":\"https:\\\/\\\/schema.org\",\"@graph\":[{\"@type\":\"WebPage\",\"@id\":\"https:\\\/\\\/aglownet.org\\\/togo\\\/bureau-national\\\/\",\"url\":\"https:\\\/\\\/aglownet.org\\\/togo\\\/bureau-national\\\/\",\"name\":\"Bureau National - Aglow International Togo\",\"isPartOf\":{\"@id\":\"https:\\\/\\\/aglownet.org\\\/togo\\\/#website\"},\"primaryImageOfPage\":{\"@id\":\"https:\\\/\\\/aglownet.org\\\/togo\\\/bureau-national\\\/#primaryimage\"},\"image\":{\"@id\":\"https:\\\/\\\/aglownet.org\\\/togo\\\/bureau-national\\\/#primaryimage\"},\"thumbnailUrl\":\"https:\\\/\\\/aglownet.org\\\/togo\\\/wp-content\\\/uploads\\\/sites\\\/6\\\/2015\\\/01\\\/agnes-johnson-1.jpg\",\"datePublished\":\"2015-01-06T20:32:50+00:00\",\"dateModified\":\"2020-08-07T15:06:55+00:00\",\"breadcrumb\":{\"@id\":\"https:\\\/\\\/aglownet.org\\\/togo\\\/bureau-national\\\/#breadcrumb\"},\"inLanguage\":\"fr-FR\",\"potentialAction\":[{\"@type\":\"ReadAction\",\"target\":[\"https:\\\/\\\/aglownet.org\\\/togo\\\/bureau-national\\\/\"]}]},{\"@type\":\"ImageObject\",\"inLanguage\":\"fr-FR\",\"@id\":\"https:\\\/\\\/aglownet.org\\\/togo\\\/bureau-national\\\/#primaryimage\",\"url\":\"https:\\\/\\\/aglownet.org\\\/togo\\\/wp-content\\\/uploads\\\/sites\\\/6\\\/2015\\\/01\\\/agnes-johnson-1.jpg\",\"contentUrl\":\"https:\\\/\\\/aglownet.org\\\/togo\\\/wp-content\\\/uploads\\\/sites\\\/6\\\/2015\\\/01\\\/agnes-johnson-1.jpg\",\"width\":320,\"height\":400,\"caption\":\"Aglow Togo National President - Agnes Johnson\"},{\"@type\":\"BreadcrumbList\",\"@id\":\"https:\\\/\\\/aglownet.org\\\/togo\\\/bureau-national\\\/#breadcrumb\",\"itemListElement\":[{\"@type\":\"ListItem\",\"position\":1,\"name\":\"Home\",\"item\":\"https:\\\/\\\/aglownet.org\\\/togo\\\/\"},{\"@type\":\"ListItem\",\"position\":2,\"name\":\"Bureau National\"}]},{\"@type\":\"WebSite\",\"@id\":\"https:\\\/\\\/aglownet.org\\\/togo\\\/#website\",\"url\":\"https:\\\/\\\/aglownet.org\\\/togo\\\/\",\"name\":\"Aglow International Togo\",\"description\":\"Chaque nation touch\u00e9e, chaque c\u0153ur transform\u00e9\",\"publisher\":{\"@id\":\"https:\\\/\\\/aglownet.org\\\/togo\\\/#organization\"},\"potentialAction\":[{\"@type\":\"SearchAction\",\"target\":{\"@type\":\"EntryPoint\",\"urlTemplate\":\"https:\\\/\\\/aglownet.org\\\/togo\\\/?s={search_term_string}\"},\"query-input\":{\"@type\":\"PropertyValueSpecification\",\"valueRequired\":true,\"valueName\":\"search_term_string\"}}],\"inLanguage\":\"fr-FR\"},{\"@type\":\"Organization\",\"@id\":\"https:\\\/\\\/aglownet.org\\\/togo\\\/#organization\",\"name\":\"Aglow International\",\"url\":\"https:\\\/\\\/aglownet.org\\\/togo\\\/\",\"logo\":{\"@type\":\"ImageObject\",\"inLanguage\":\"fr-FR\",\"@id\":\"https:\\\/\\\/aglownet.org\\\/togo\\\/#\\\/schema\\\/logo\\\/image\\\/\",\"url\":\"https:\\\/\\\/aglownet.org\\\/togo\\\/wp-content\\\/uploads\\\/sites\\\/6\\\/2018\\\/02\\\/Aglow_logo-orange-4cp_tagline.72dpi_12in.png\",\"contentUrl\":\"https:\\\/\\\/aglownet.org\\\/togo\\\/wp-content\\\/uploads\\\/sites\\\/6\\\/2018\\\/02\\\/Aglow_logo-orange-4cp_tagline.72dpi_12in.png\",\"width\":864,\"height\":338,\"caption\":\"Aglow International\"},\"image\":{\"@id\":\"https:\\\/\\\/aglownet.org\\\/togo\\\/#\\\/schema\\\/logo\\\/image\\\/\"}}]}<\/script>\n<!-- \/ Yoast SEO plugin. -->","yoast_head_json":{"title":"Bureau National - Aglow International Togo","robots":{"index":"index","follow":"follow","max-snippet":"max-snippet:-1","max-image-preview":"max-image-preview:large","max-video-preview":"max-video-preview:-1"},"canonical":"https:\/\/aglownet.org\/togo\/bureau-national\/","og_locale":"fr_FR","og_type":"article","og_title":"Bureau National - Aglow International Togo","og_description":"Membres du Bureau National Aglow Togo National President &#8211; Agnes Johnson Gertrude a. Nador &#8211; Secretaire Nationale Madeleine k. Dossou &#8211; Coordinatrice Nationale de Priere","og_url":"https:\/\/aglownet.org\/togo\/bureau-national\/","og_site_name":"Aglow International Togo","article_modified_time":"2020-08-07T15:06:55+00:00","og_image":[{"url":"https:\/\/aglownet.org\/togo\/wp-content\/uploads\/sites\/6\/2015\/01\/agnes-johnson-1.jpg","type":"","width":"","height":""}],"twitter_card":"summary_large_image","schema":{"@context":"https:\/\/schema.org","@graph":[{"@type":"WebPage","@id":"https:\/\/aglownet.org\/togo\/bureau-national\/","url":"https:\/\/aglownet.org\/togo\/bureau-national\/","name":"Bureau National - Aglow International Togo","isPartOf":{"@id":"https:\/\/aglownet.org\/togo\/#website"},"primaryImageOfPage":{"@id":"https:\/\/aglownet.org\/togo\/bureau-national\/#primaryimage"},"image":{"@id":"https:\/\/aglownet.org\/togo\/bureau-national\/#primaryimage"},"thumbnailUrl":"https:\/\/aglownet.org\/togo\/wp-content\/uploads\/sites\/6\/2015\/01\/agnes-johnson-1.jpg","datePublished":"2015-01-06T20:32:50+00:00","dateModified":"2020-08-07T15:06:55+00:00","breadcrumb":{"@id":"https:\/\/aglownet.org\/togo\/bureau-national\/#breadcrumb"},"inLanguage":"fr-FR","potentialAction":[{"@type":"ReadAction","target":["https:\/\/aglownet.org\/togo\/bureau-national\/"]}]},{"@type":"ImageObject","inLanguage":"fr-FR","@id":"https:\/\/aglownet.org\/togo\/bureau-national\/#primaryimage","url":"https:\/\/aglownet.org\/togo\/wp-content\/uploads\/sites\/6\/2015\/01\/agnes-johnson-1.jpg","contentUrl":"https:\/\/aglownet.org\/togo\/wp-content\/uploads\/sites\/6\/2015\/01\/agnes-johnson-1.jpg","width":320,"height":400,"caption":"Aglow Togo National President - Agnes Johnson"},{"@type":"BreadcrumbList","@id":"https:\/\/aglownet.org\/togo\/bureau-national\/#breadcrumb","itemListElement":[{"@type":"ListItem","position":1,"name":"Home","item":"https:\/\/aglownet.org\/togo\/"},{"@type":"ListItem","position":2,"name":"Bureau National"}]},{"@type":"WebSite","@id":"https:\/\/aglownet.org\/togo\/#website","url":"https:\/\/aglownet.org\/togo\/","name":"Aglow International Togo","description":"Chaque nation touch\u00e9e, chaque c\u0153ur transform\u00e9","publisher":{"@id":"https:\/\/aglownet.org\/togo\/#organization"},"potentialAction":[{"@type":"SearchAction","target":{"@type":"EntryPoint","urlTemplate":"https:\/\/aglownet.org\/togo\/?s={search_term_string}"},"query-input":{"@type":"PropertyValueSpecification","valueRequired":true,"valueName":"search_term_string"}}],"inLanguage":"fr-FR"},{"@type":"Organization","@id":"https:\/\/aglownet.org\/togo\/#organization","name":"Aglow International","url":"https:\/\/aglownet.org\/togo\/","logo":{"@type":"ImageObject","inLanguage":"fr-FR","@id":"https:\/\/aglownet.org\/togo\/#\/schema\/logo\/image\/","url":"https:\/\/aglownet.org\/togo\/wp-content\/uploads\/sites\/6\/2018\/02\/Aglow_logo-orange-4cp_tagline.72dpi_12in.png","contentUrl":"https:\/\/aglownet.org\/togo\/wp-content\/uploads\/sites\/6\/2018\/02\/Aglow_logo-orange-4cp_tagline.72dpi_12in.png","width":864,"height":338,"caption":"Aglow International"},"image":{"@id":"https:\/\/aglownet.org\/togo\/#\/schema\/logo\/image\/"}}]}},"_links":{"self":[{"href":"https:\/\/aglownet.org\/togo\/wp-json\/wp\/v2\/pages\/60","targetHints":{"allow":["GET"]}}],"collection":[{"href":"https:\/\/aglownet.org\/togo\/wp-json\/wp\/v2\/pages"}],"about":[{"href":"https:\/\/aglownet.org\/togo\/wp-json\/wp\/v2\/types\/page"}],"author":[{"embeddable":true,"href":"https:\/\/aglownet.org\/togo\/wp-json\/wp\/v2\/users\/2"}],"replies":[{"embeddable":true,"href":"https:\/\/aglownet.org\/togo\/wp-json\/wp\/v2\/comments?post=60"}],"version-history":[{"count":17,"href":"https:\/\/aglownet.org\/togo\/wp-json\/wp\/v2\/pages\/60\/revisions"}],"predecessor-version":[{"id":364,"href":"https:\/\/aglownet.org\/togo\/wp-json\/wp\/v2\/pages\/60\/revisions\/364"}],"wp:attachment":[{"href":"https:\/\/aglownet.org\/togo\/wp-json\/wp\/v2\/media?parent=60"}],"curies":[{"name":"wp","href":"https:\/\/api.w.org\/{rel}","templated":true}]}}