{"id":44,"date":"2018-05-19T11:38:34","date_gmt":"2018-05-19T11:38:34","guid":{"rendered":"http:\/\/aglownet.org\/togo\/?page_id=44"},"modified":"2018-05-19T11:46:56","modified_gmt":"2018-05-19T11:46:56","slug":"nous-contacter","status":"publish","type":"page","link":"https:\/\/aglownet.org\/togo\/nous-contacter\/","title":{"rendered":"Nous contacter"},"content":{"rendered":"<p><strong>Si\u00e8ge National: <\/strong>38 Avenue Solidarit\u00e9, Tokoin Habitat, Lom\u00e9.<\/p>\n<h4>Email &#8211; aglowtogo2014@gmail.com<\/h4>\n<h2>Bureau national (Lom\u00e9)<\/h2>\n<table>\n<tbody>\n<tr>\n<td>Mme EHO-JOHNSON Agn\u00e8s Akouvi Dop\u00e9<br \/>\n(Pr\u00e9sidente Nationale)<\/td>\n<td>tel : 22-26-95 33 \/ 90-04-80-99<\/td>\n<\/tr>\n<tr>\n<td>Mme AMEGNONA Agn\u00e8s<br \/>\n(Vice-Pr\u00e9sidente de Formation)<\/td>\n<td>tel : 22-26-28-27\/90-93-55-00<\/td>\n<\/tr>\n<tr>\n<td>Mme APALOO\u00a0A. Alice<br \/>\n(Vice-Pr\u00e9sidente de la Propagation et de la Jeunesse)<\/td>\n<td>tel : 90-47-28-17<\/td>\n<\/tr>\n<tr>\n<td>Mme NADOR A. Gertrude<br \/>\n(Secr\u00e9taire G\u00e9n\u00e9rale)<\/td>\n<td>tel : 22-41-42-81\/90-98-87-91<\/td>\n<\/tr>\n<tr>\n<td>Mme DOSSOU K. Madeleine<br \/>\n(Coordinatrice de pri\u00e8re et de l\u2019Evang\u00e9lisation)<\/td>\n<td>tel : 91-92-70-31<\/td>\n<\/tr>\n<tr>\n<td>Mlle WILSON Jolie<br \/>\n(Assistante de Direction)<\/td>\n<td>tel: 91-28-95-91<\/td>\n<\/tr>\n<\/tbody>\n<\/table>\n<h3>Groupes locaux Aglow en activit\u00e9s et leurs responsables<\/h3>\n<table>\n<tbody>\n<tr>\n<td><strong>Localit\u00e9<\/strong><\/td>\n<td><strong>responsable de groupe<\/strong><\/td>\n<td><strong>contacts\u00a0 tel : indicatif (+228)<\/strong><\/td>\n<\/tr>\n<tr>\n<td>Cinkass\u00e9 :<\/td>\n<td>Mme BANGUE\u00a0 Pascaline<\/td>\n<td>90 11 12 07<\/td>\n<\/tr>\n<tr>\n<td>Dapaong :<\/td>\n<td>Mme BOUYO\u00a0 Justine<\/td>\n<td>90 25 44 98<\/td>\n<\/tr>\n<tr>\n<td>K\u00e9tao :<\/td>\n<td>Mme PATANA\u00a0 Claire<\/td>\n<td>90 20 79 78<\/td>\n<\/tr>\n<tr>\n<td>Bassar :<\/td>\n<td>Mme ABALOTOU\u00a0 Nathalie<\/td>\n<td>90 28 30 37<\/td>\n<\/tr>\n<tr>\n<td>Sokod\u00e9 :<\/td>\n<td>Mme ATAKE\u00a0 Brigitte<\/td>\n<td>90 03 70 75<\/td>\n<\/tr>\n<tr>\n<td>Ani\u00e9 :<\/td>\n<td>Mme ELISSA\u00a0 Marie<\/td>\n<td>91 64 80 69<\/td>\n<\/tr>\n<tr>\n<td>Atakpam\u00e9 :<\/td>\n<td>Mme LAWANI\u00a0 Abra<\/td>\n<td>90 32 15 79<\/td>\n<\/tr>\n<tr>\n<td>Datcha :<\/td>\n<td>Mme\u00a0 DOTCHOU\u00a0 V\u00e9ronique<\/td>\n<td>90 90 31 83<\/td>\n<\/tr>\n<tr>\n<td>Ts\u00e9vi\u00e9 :<\/td>\n<td>Mme AVOTCHINOU\u00a0 H\u00e9l\u00e8ne<\/td>\n<td>90 18 54 88<\/td>\n<\/tr>\n<tr>\n<td>Hahoto\u00e9 :<\/td>\n<td>Mme OLOUDE\u00a0 Piane<\/td>\n<td>90 03 62 24 \/ 23 35 04 44<\/td>\n<\/tr>\n<tr>\n<td>An\u00e9ho :<\/td>\n<td>Mme LEBON\u00a0 Ahlonkonba<\/td>\n<td>90 18 06 94<\/td>\n<\/tr>\n<tr>\n<td>Kpalim\u00e9 :<\/td>\n<td>Mme Blandine AMETEPE<\/td>\n<td>90 29 02 70<\/td>\n<\/tr>\n<tr>\n<td>Kant\u00e8 :<\/td>\n<td>Mme HANTO\u00a0 Rita<\/td>\n<td>90 86 57 95<\/td>\n<\/tr>\n<tr>\n<td>Danyi \u2013 Attigba :<\/td>\n<td>Mme KRODO\u00a0 Ablodessi<\/td>\n<td>s\/c 90-04-80-99<\/td>\n<\/tr>\n<tr>\n<td>Ad\u00e9l\u00e9 :<\/td>\n<td>Mme PATANA\u00a0 Jacqueline<\/td>\n<td>93 06 73 67<\/td>\n<\/tr>\n<tr>\n<td>Bangeli :<\/td>\n<td>Mme GNOSSE\u00a0 Gloria<\/td>\n<td>91 53 25 75<\/td>\n<\/tr>\n<\/tbody>\n<\/table>\n","protected":false},"excerpt":{"rendered":"<p>Si\u00e8ge National: 38 Avenue Solidarit\u00e9, Tokoin Habitat, Lom\u00e9. Email &#8211; aglowtogo2014@gmail.com Bureau national (Lom\u00e9) Mme EHO-JOHNSON Agn\u00e8s Akouvi Dop\u00e9 (Pr\u00e9sidente Nationale) tel : 22-26-95 33 \/ 90-04-80-99 Mme AMEGNONA Agn\u00e8s&hellip;<\/p>\n","protected":false},"author":29,"featured_media":0,"parent":0,"menu_order":0,"comment_status":"open","ping_status":"closed","template":"","meta":{"footnotes":""},"class_list":["post-44","page","type-page","status-publish","hentry"],"yoast_head":"<!-- This site is optimized with the Yoast SEO plugin v27.3 - https:\/\/yoast.com\/product\/yoast-seo-wordpress\/ -->\n<title>Nous contacter - Aglow International Togo<\/title>\n<meta name=\"robots\" content=\"index, follow, max-snippet:-1, max-image-preview:large, max-video-preview:-1\" \/>\n<link rel=\"canonical\" href=\"https:\/\/aglownet.org\/togo\/nous-contacter\/\" \/>\n<meta property=\"og:locale\" content=\"fr_FR\" \/>\n<meta property=\"og:type\" content=\"article\" \/>\n<meta property=\"og:title\" content=\"Nous contacter - Aglow International Togo\" \/>\n<meta property=\"og:description\" content=\"Si\u00e8ge National: 38 Avenue Solidarit\u00e9, Tokoin Habitat, Lom\u00e9. Email &#8211; aglowtogo2014@gmail.com Bureau national (Lom\u00e9) Mme EHO-JOHNSON Agn\u00e8s Akouvi Dop\u00e9 (Pr\u00e9sidente Nationale) tel : 22-26-95 33 \/ 90-04-80-99 Mme AMEGNONA Agn\u00e8s&hellip;\" \/>\n<meta property=\"og:url\" content=\"https:\/\/aglownet.org\/togo\/nous-contacter\/\" \/>\n<meta property=\"og:site_name\" content=\"Aglow International Togo\" \/>\n<meta property=\"article:modified_time\" content=\"2018-05-19T11:46:56+00:00\" \/>\n<meta name=\"twitter:card\" content=\"summary_large_image\" \/>\n<meta name=\"twitter:label1\" content=\"Dur\u00e9e de lecture estim\u00e9e\" \/>\n\t<meta name=\"twitter:data1\" content=\"1 minute\" \/>\n<script type=\"application\/ld+json\" class=\"yoast-schema-graph\">{\"@context\":\"https:\\\/\\\/schema.org\",\"@graph\":[{\"@type\":\"WebPage\",\"@id\":\"https:\\\/\\\/aglownet.org\\\/togo\\\/nous-contacter\\\/\",\"url\":\"https:\\\/\\\/aglownet.org\\\/togo\\\/nous-contacter\\\/\",\"name\":\"Nous contacter - Aglow International Togo\",\"isPartOf\":{\"@id\":\"https:\\\/\\\/aglownet.org\\\/togo\\\/#website\"},\"datePublished\":\"2018-05-19T11:38:34+00:00\",\"dateModified\":\"2018-05-19T11:46:56+00:00\",\"breadcrumb\":{\"@id\":\"https:\\\/\\\/aglownet.org\\\/togo\\\/nous-contacter\\\/#breadcrumb\"},\"inLanguage\":\"fr-FR\",\"potentialAction\":[{\"@type\":\"ReadAction\",\"target\":[\"https:\\\/\\\/aglownet.org\\\/togo\\\/nous-contacter\\\/\"]}]},{\"@type\":\"BreadcrumbList\",\"@id\":\"https:\\\/\\\/aglownet.org\\\/togo\\\/nous-contacter\\\/#breadcrumb\",\"itemListElement\":[{\"@type\":\"ListItem\",\"position\":1,\"name\":\"Home\",\"item\":\"https:\\\/\\\/aglownet.org\\\/togo\\\/\"},{\"@type\":\"ListItem\",\"position\":2,\"name\":\"Nous contacter\"}]},{\"@type\":\"WebSite\",\"@id\":\"https:\\\/\\\/aglownet.org\\\/togo\\\/#website\",\"url\":\"https:\\\/\\\/aglownet.org\\\/togo\\\/\",\"name\":\"Aglow International Togo\",\"description\":\"Chaque nation touch\u00e9e, chaque c\u0153ur transform\u00e9\",\"publisher\":{\"@id\":\"https:\\\/\\\/aglownet.org\\\/togo\\\/#organization\"},\"potentialAction\":[{\"@type\":\"SearchAction\",\"target\":{\"@type\":\"EntryPoint\",\"urlTemplate\":\"https:\\\/\\\/aglownet.org\\\/togo\\\/?s={search_term_string}\"},\"query-input\":{\"@type\":\"PropertyValueSpecification\",\"valueRequired\":true,\"valueName\":\"search_term_string\"}}],\"inLanguage\":\"fr-FR\"},{\"@type\":\"Organization\",\"@id\":\"https:\\\/\\\/aglownet.org\\\/togo\\\/#organization\",\"name\":\"Aglow International\",\"url\":\"https:\\\/\\\/aglownet.org\\\/togo\\\/\",\"logo\":{\"@type\":\"ImageObject\",\"inLanguage\":\"fr-FR\",\"@id\":\"https:\\\/\\\/aglownet.org\\\/togo\\\/#\\\/schema\\\/logo\\\/image\\\/\",\"url\":\"https:\\\/\\\/aglownet.org\\\/togo\\\/wp-content\\\/uploads\\\/sites\\\/6\\\/2018\\\/02\\\/Aglow_logo-orange-4cp_tagline.72dpi_12in.png\",\"contentUrl\":\"https:\\\/\\\/aglownet.org\\\/togo\\\/wp-content\\\/uploads\\\/sites\\\/6\\\/2018\\\/02\\\/Aglow_logo-orange-4cp_tagline.72dpi_12in.png\",\"width\":864,\"height\":338,\"caption\":\"Aglow International\"},\"image\":{\"@id\":\"https:\\\/\\\/aglownet.org\\\/togo\\\/#\\\/schema\\\/logo\\\/image\\\/\"}}]}<\/script>\n<!-- \/ Yoast SEO plugin. -->","yoast_head_json":{"title":"Nous contacter - Aglow International Togo","robots":{"index":"index","follow":"follow","max-snippet":"max-snippet:-1","max-image-preview":"max-image-preview:large","max-video-preview":"max-video-preview:-1"},"canonical":"https:\/\/aglownet.org\/togo\/nous-contacter\/","og_locale":"fr_FR","og_type":"article","og_title":"Nous contacter - Aglow International Togo","og_description":"Si\u00e8ge National: 38 Avenue Solidarit\u00e9, Tokoin Habitat, Lom\u00e9. Email &#8211; aglowtogo2014@gmail.com Bureau national (Lom\u00e9) Mme EHO-JOHNSON Agn\u00e8s Akouvi Dop\u00e9 (Pr\u00e9sidente Nationale) tel : 22-26-95 33 \/ 90-04-80-99 Mme AMEGNONA Agn\u00e8s&hellip;","og_url":"https:\/\/aglownet.org\/togo\/nous-contacter\/","og_site_name":"Aglow International Togo","article_modified_time":"2018-05-19T11:46:56+00:00","twitter_card":"summary_large_image","twitter_misc":{"Dur\u00e9e de lecture estim\u00e9e":"1 minute"},"schema":{"@context":"https:\/\/schema.org","@graph":[{"@type":"WebPage","@id":"https:\/\/aglownet.org\/togo\/nous-contacter\/","url":"https:\/\/aglownet.org\/togo\/nous-contacter\/","name":"Nous contacter - Aglow International Togo","isPartOf":{"@id":"https:\/\/aglownet.org\/togo\/#website"},"datePublished":"2018-05-19T11:38:34+00:00","dateModified":"2018-05-19T11:46:56+00:00","breadcrumb":{"@id":"https:\/\/aglownet.org\/togo\/nous-contacter\/#breadcrumb"},"inLanguage":"fr-FR","potentialAction":[{"@type":"ReadAction","target":["https:\/\/aglownet.org\/togo\/nous-contacter\/"]}]},{"@type":"BreadcrumbList","@id":"https:\/\/aglownet.org\/togo\/nous-contacter\/#breadcrumb","itemListElement":[{"@type":"ListItem","position":1,"name":"Home","item":"https:\/\/aglownet.org\/togo\/"},{"@type":"ListItem","position":2,"name":"Nous contacter"}]},{"@type":"WebSite","@id":"https:\/\/aglownet.org\/togo\/#website","url":"https:\/\/aglownet.org\/togo\/","name":"Aglow International Togo","description":"Chaque nation touch\u00e9e, chaque c\u0153ur transform\u00e9","publisher":{"@id":"https:\/\/aglownet.org\/togo\/#organization"},"potentialAction":[{"@type":"SearchAction","target":{"@type":"EntryPoint","urlTemplate":"https:\/\/aglownet.org\/togo\/?s={search_term_string}"},"query-input":{"@type":"PropertyValueSpecification","valueRequired":true,"valueName":"search_term_string"}}],"inLanguage":"fr-FR"},{"@type":"Organization","@id":"https:\/\/aglownet.org\/togo\/#organization","name":"Aglow International","url":"https:\/\/aglownet.org\/togo\/","logo":{"@type":"ImageObject","inLanguage":"fr-FR","@id":"https:\/\/aglownet.org\/togo\/#\/schema\/logo\/image\/","url":"https:\/\/aglownet.org\/togo\/wp-content\/uploads\/sites\/6\/2018\/02\/Aglow_logo-orange-4cp_tagline.72dpi_12in.png","contentUrl":"https:\/\/aglownet.org\/togo\/wp-content\/uploads\/sites\/6\/2018\/02\/Aglow_logo-orange-4cp_tagline.72dpi_12in.png","width":864,"height":338,"caption":"Aglow International"},"image":{"@id":"https:\/\/aglownet.org\/togo\/#\/schema\/logo\/image\/"}}]}},"_links":{"self":[{"href":"https:\/\/aglownet.org\/togo\/wp-json\/wp\/v2\/pages\/44","targetHints":{"allow":["GET"]}}],"collection":[{"href":"https:\/\/aglownet.org\/togo\/wp-json\/wp\/v2\/pages"}],"about":[{"href":"https:\/\/aglownet.org\/togo\/wp-json\/wp\/v2\/types\/page"}],"author":[{"embeddable":true,"href":"https:\/\/aglownet.org\/togo\/wp-json\/wp\/v2\/users\/29"}],"replies":[{"embeddable":true,"href":"https:\/\/aglownet.org\/togo\/wp-json\/wp\/v2\/comments?post=44"}],"version-history":[{"count":9,"href":"https:\/\/aglownet.org\/togo\/wp-json\/wp\/v2\/pages\/44\/revisions"}],"predecessor-version":[{"id":248,"href":"https:\/\/aglownet.org\/togo\/wp-json\/wp\/v2\/pages\/44\/revisions\/248"}],"wp:attachment":[{"href":"https:\/\/aglownet.org\/togo\/wp-json\/wp\/v2\/media?parent=44"}],"curies":[{"name":"wp","href":"https:\/\/api.w.org\/{rel}","templated":true}]}}