{"id":4,"date":"2014-12-17T15:43:44","date_gmt":"2014-12-17T15:43:44","guid":{"rendered":"http:\/\/aglownet.org\/togo\/aglow-vision-and-mission-francaise\/"},"modified":"2014-12-19T16:46:51","modified_gmt":"2014-12-19T16:46:51","slug":"aglow-vision-and-mission-francaise","status":"publish","type":"page","link":"https:\/\/aglownet.org\/togo\/aglow-vision-and-mission-francaise\/","title":{"rendered":"Aglow Vision and Mission (Fran\u00e7aise)"},"content":{"rendered":"<p>(<a title=\"Aglow Vision and Mission\" href=\"https:\/\/aglownet.org\/togo\/aglow-vision-and-mission\/\">English<\/a> | Fran\u00e7aise)<\/p>\n<p>Notre vison est large et audacieuse. C&rsquo;est une d\u00e9claration qui englobe tout ce que nous faisons et laisse de la place pour notre avenir. La vision ne donne pas la direction mais elle donne une id\u00e9e de la hauteur que nous voulons atteindre.<\/p>\n<div style=\"border: 1px solid #e6e6e6; margin-left: 20px; float: right; display: inherit;\">\n<div id=\"attachment_6\" style=\"width: 125px\" class=\"wp-caption alignright\"><a href=\"https:\/\/aglownet.org\/wp-content\/uploads\/2014\/12\/aglow-vision-bookmark-fr-graphic.jpg\"><img loading=\"lazy\" decoding=\"async\" aria-describedby=\"caption-attachment-6\" class=\"size-medium wp-image-172\" src=\"https:\/\/aglownet.org\/wp-content\/uploads\/2014\/12\/aglow-vision-bookmark-fr-graphic-115x300.jpg\" alt=\"Aglow Vision Bookmark - French\" width=\"115\" height=\"300\" \/><\/a><p id=\"caption-attachment-6\" class=\"wp-caption-text\"><a href=\"https:\/\/aglownet.org\/wp-content\/uploads\/2014\/12\/aglow-vision-bookmark-fr.pdf\"> T\u00e9l\u00e9chargez notre \u00e9nonc\u00e9 de vision signet<\/a><\/p><\/div>\n<\/div>\n<h3>D\u00e9claration de Vision<\/h3>\n<p>Porter la v\u00e9rit\u00e9 du Royaume qui:<\/p>\n<ul>\n<li>Restaure la vie des gens et les conduit dans une relation glorieuse avec Dieu et avec autrui<\/li>\n<li>Brise la tyrannie de l\u2019oppression<\/li>\n<li>Apporte la libert\u00e9 et la puissance<\/li>\n<\/ul>\n<p>Notre d\u00e9claration de mission est une description de ce que nous faisons et donne une r\u00e9ponse \u00e0 pourquoi nous existons. Elle d\u00e9crit les choses que Dieu nous a appel\u00e9 \u00e0 faire en tant qu&rsquo;organisation.<\/p>\n<h3>D\u00e9claration de Mission<\/h3>\n<p>Aglow International est un Mouvement du Royaume engag\u00e9 \u00e0 voir la volont\u00e9 de Dieu s\u2019accomplir sur la terre comme au Ciel : Nous le faisons par les moyens suivants:<\/p>\n<ul>\n<li>Mobiliser en une arm\u00e9e des millions de guerriers, de champions et de leaders mondiaux, d\u2019importance.<\/li>\n<li>Etablir, dans chaque nation du monde, des communaut\u00e9s du Royaume puissantes fond\u00e9es sur la pl\u00e9nitude de Christ.<\/li>\n<li>Aider les autres \u00e0 d\u00e9velopper des ressources qui leur permettent de tirer profit de tout ce que Dieu lib\u00e8re du Ciel pour eux.<\/li>\n<li>Former des \u00e9quipes apostoliques qui manifestent la puissance du Ciel dans les coins les plus t\u00e9n\u00e9breux de la terre.<\/li>\n<li>Cultiver une pr\u00e9sence dans le monde entier qui cr\u00e9e une atmosph\u00e8re de c\u00e9l\u00e9bration, de restauration et de communication de la gr\u00e2ce.<\/li>\n<\/ul>\n","protected":false},"excerpt":{"rendered":"<p>(English | Fran\u00e7aise) Notre vison est large et audacieuse. C&rsquo;est une d\u00e9claration qui englobe tout ce que nous faisons et laisse de la place pour notre avenir. La vision ne&hellip;<\/p>\n","protected":false},"author":2,"featured_media":0,"parent":0,"menu_order":0,"comment_status":"closed","ping_status":"closed","template":"","meta":{"footnotes":""},"class_list":["post-4","page","type-page","status-publish","hentry"],"yoast_head":"<!-- This site is optimized with the Yoast SEO plugin v27.3 - https:\/\/yoast.com\/product\/yoast-seo-wordpress\/ -->\n<title>Aglow Vision and Mission (Fran\u00e7aise) - Aglow International Togo<\/title>\n<meta name=\"robots\" content=\"index, follow, max-snippet:-1, max-image-preview:large, max-video-preview:-1\" \/>\n<link rel=\"canonical\" href=\"https:\/\/aglownet.org\/togo\/aglow-vision-and-mission-francaise\/\" \/>\n<meta property=\"og:locale\" content=\"fr_FR\" \/>\n<meta property=\"og:type\" content=\"article\" \/>\n<meta property=\"og:title\" content=\"Aglow Vision and Mission (Fran\u00e7aise) - Aglow International Togo\" \/>\n<meta property=\"og:description\" content=\"(English | Fran\u00e7aise) Notre vison est large et audacieuse. C&rsquo;est une d\u00e9claration qui englobe tout ce que nous faisons et laisse de la place pour notre avenir. La vision ne&hellip;\" \/>\n<meta property=\"og:url\" content=\"https:\/\/aglownet.org\/togo\/aglow-vision-and-mission-francaise\/\" \/>\n<meta property=\"og:site_name\" content=\"Aglow International Togo\" \/>\n<meta property=\"article:modified_time\" content=\"2014-12-19T16:46:51+00:00\" \/>\n<meta property=\"og:image\" content=\"https:\/\/aglownet.org\/wp-content\/uploads\/2014\/12\/aglow-vision-bookmark-fr-graphic-115x300.jpg\" \/>\n<meta name=\"twitter:card\" content=\"summary_large_image\" \/>\n<meta name=\"twitter:label1\" content=\"Dur\u00e9e de lecture estim\u00e9e\" \/>\n\t<meta name=\"twitter:data1\" content=\"1 minute\" \/>\n<script type=\"application\/ld+json\" class=\"yoast-schema-graph\">{\"@context\":\"https:\\\/\\\/schema.org\",\"@graph\":[{\"@type\":\"WebPage\",\"@id\":\"https:\\\/\\\/aglownet.org\\\/togo\\\/aglow-vision-and-mission-francaise\\\/\",\"url\":\"https:\\\/\\\/aglownet.org\\\/togo\\\/aglow-vision-and-mission-francaise\\\/\",\"name\":\"Aglow Vision and Mission (Fran\u00e7aise) - Aglow International Togo\",\"isPartOf\":{\"@id\":\"https:\\\/\\\/aglownet.org\\\/togo\\\/#website\"},\"primaryImageOfPage\":{\"@id\":\"https:\\\/\\\/aglownet.org\\\/togo\\\/aglow-vision-and-mission-francaise\\\/#primaryimage\"},\"image\":{\"@id\":\"https:\\\/\\\/aglownet.org\\\/togo\\\/aglow-vision-and-mission-francaise\\\/#primaryimage\"},\"thumbnailUrl\":\"https:\\\/\\\/aglownet.org\\\/wp-content\\\/uploads\\\/2014\\\/12\\\/aglow-vision-bookmark-fr-graphic-115x300.jpg\",\"datePublished\":\"2014-12-17T15:43:44+00:00\",\"dateModified\":\"2014-12-19T16:46:51+00:00\",\"breadcrumb\":{\"@id\":\"https:\\\/\\\/aglownet.org\\\/togo\\\/aglow-vision-and-mission-francaise\\\/#breadcrumb\"},\"inLanguage\":\"fr-FR\",\"potentialAction\":[{\"@type\":\"ReadAction\",\"target\":[\"https:\\\/\\\/aglownet.org\\\/togo\\\/aglow-vision-and-mission-francaise\\\/\"]}]},{\"@type\":\"ImageObject\",\"inLanguage\":\"fr-FR\",\"@id\":\"https:\\\/\\\/aglownet.org\\\/togo\\\/aglow-vision-and-mission-francaise\\\/#primaryimage\",\"url\":\"https:\\\/\\\/aglownet.org\\\/wp-content\\\/uploads\\\/2014\\\/12\\\/aglow-vision-bookmark-fr-graphic-115x300.jpg\",\"contentUrl\":\"https:\\\/\\\/aglownet.org\\\/wp-content\\\/uploads\\\/2014\\\/12\\\/aglow-vision-bookmark-fr-graphic-115x300.jpg\"},{\"@type\":\"BreadcrumbList\",\"@id\":\"https:\\\/\\\/aglownet.org\\\/togo\\\/aglow-vision-and-mission-francaise\\\/#breadcrumb\",\"itemListElement\":[{\"@type\":\"ListItem\",\"position\":1,\"name\":\"Home\",\"item\":\"https:\\\/\\\/aglownet.org\\\/togo\\\/\"},{\"@type\":\"ListItem\",\"position\":2,\"name\":\"Aglow Vision and Mission (Fran\u00e7aise)\"}]},{\"@type\":\"WebSite\",\"@id\":\"https:\\\/\\\/aglownet.org\\\/togo\\\/#website\",\"url\":\"https:\\\/\\\/aglownet.org\\\/togo\\\/\",\"name\":\"Aglow International Togo\",\"description\":\"Chaque nation touch\u00e9e, chaque c\u0153ur transform\u00e9\",\"publisher\":{\"@id\":\"https:\\\/\\\/aglownet.org\\\/togo\\\/#organization\"},\"potentialAction\":[{\"@type\":\"SearchAction\",\"target\":{\"@type\":\"EntryPoint\",\"urlTemplate\":\"https:\\\/\\\/aglownet.org\\\/togo\\\/?s={search_term_string}\"},\"query-input\":{\"@type\":\"PropertyValueSpecification\",\"valueRequired\":true,\"valueName\":\"search_term_string\"}}],\"inLanguage\":\"fr-FR\"},{\"@type\":\"Organization\",\"@id\":\"https:\\\/\\\/aglownet.org\\\/togo\\\/#organization\",\"name\":\"Aglow International\",\"url\":\"https:\\\/\\\/aglownet.org\\\/togo\\\/\",\"logo\":{\"@type\":\"ImageObject\",\"inLanguage\":\"fr-FR\",\"@id\":\"https:\\\/\\\/aglownet.org\\\/togo\\\/#\\\/schema\\\/logo\\\/image\\\/\",\"url\":\"https:\\\/\\\/aglownet.org\\\/togo\\\/wp-content\\\/uploads\\\/sites\\\/6\\\/2018\\\/02\\\/Aglow_logo-orange-4cp_tagline.72dpi_12in.png\",\"contentUrl\":\"https:\\\/\\\/aglownet.org\\\/togo\\\/wp-content\\\/uploads\\\/sites\\\/6\\\/2018\\\/02\\\/Aglow_logo-orange-4cp_tagline.72dpi_12in.png\",\"width\":864,\"height\":338,\"caption\":\"Aglow International\"},\"image\":{\"@id\":\"https:\\\/\\\/aglownet.org\\\/togo\\\/#\\\/schema\\\/logo\\\/image\\\/\"}}]}<\/script>\n<!-- \/ Yoast SEO plugin. -->","yoast_head_json":{"title":"Aglow Vision and Mission (Fran\u00e7aise) - Aglow International Togo","robots":{"index":"index","follow":"follow","max-snippet":"max-snippet:-1","max-image-preview":"max-image-preview:large","max-video-preview":"max-video-preview:-1"},"canonical":"https:\/\/aglownet.org\/togo\/aglow-vision-and-mission-francaise\/","og_locale":"fr_FR","og_type":"article","og_title":"Aglow Vision and Mission (Fran\u00e7aise) - Aglow International Togo","og_description":"(English | Fran\u00e7aise) Notre vison est large et audacieuse. C&rsquo;est une d\u00e9claration qui englobe tout ce que nous faisons et laisse de la place pour notre avenir. La vision ne&hellip;","og_url":"https:\/\/aglownet.org\/togo\/aglow-vision-and-mission-francaise\/","og_site_name":"Aglow International Togo","article_modified_time":"2014-12-19T16:46:51+00:00","og_image":[{"url":"https:\/\/aglownet.org\/wp-content\/uploads\/2014\/12\/aglow-vision-bookmark-fr-graphic-115x300.jpg","type":"","width":"","height":""}],"twitter_card":"summary_large_image","twitter_misc":{"Dur\u00e9e de lecture estim\u00e9e":"1 minute"},"schema":{"@context":"https:\/\/schema.org","@graph":[{"@type":"WebPage","@id":"https:\/\/aglownet.org\/togo\/aglow-vision-and-mission-francaise\/","url":"https:\/\/aglownet.org\/togo\/aglow-vision-and-mission-francaise\/","name":"Aglow Vision and Mission (Fran\u00e7aise) - Aglow International Togo","isPartOf":{"@id":"https:\/\/aglownet.org\/togo\/#website"},"primaryImageOfPage":{"@id":"https:\/\/aglownet.org\/togo\/aglow-vision-and-mission-francaise\/#primaryimage"},"image":{"@id":"https:\/\/aglownet.org\/togo\/aglow-vision-and-mission-francaise\/#primaryimage"},"thumbnailUrl":"https:\/\/aglownet.org\/wp-content\/uploads\/2014\/12\/aglow-vision-bookmark-fr-graphic-115x300.jpg","datePublished":"2014-12-17T15:43:44+00:00","dateModified":"2014-12-19T16:46:51+00:00","breadcrumb":{"@id":"https:\/\/aglownet.org\/togo\/aglow-vision-and-mission-francaise\/#breadcrumb"},"inLanguage":"fr-FR","potentialAction":[{"@type":"ReadAction","target":["https:\/\/aglownet.org\/togo\/aglow-vision-and-mission-francaise\/"]}]},{"@type":"ImageObject","inLanguage":"fr-FR","@id":"https:\/\/aglownet.org\/togo\/aglow-vision-and-mission-francaise\/#primaryimage","url":"https:\/\/aglownet.org\/wp-content\/uploads\/2014\/12\/aglow-vision-bookmark-fr-graphic-115x300.jpg","contentUrl":"https:\/\/aglownet.org\/wp-content\/uploads\/2014\/12\/aglow-vision-bookmark-fr-graphic-115x300.jpg"},{"@type":"BreadcrumbList","@id":"https:\/\/aglownet.org\/togo\/aglow-vision-and-mission-francaise\/#breadcrumb","itemListElement":[{"@type":"ListItem","position":1,"name":"Home","item":"https:\/\/aglownet.org\/togo\/"},{"@type":"ListItem","position":2,"name":"Aglow Vision and Mission (Fran\u00e7aise)"}]},{"@type":"WebSite","@id":"https:\/\/aglownet.org\/togo\/#website","url":"https:\/\/aglownet.org\/togo\/","name":"Aglow International Togo","description":"Chaque nation touch\u00e9e, chaque c\u0153ur transform\u00e9","publisher":{"@id":"https:\/\/aglownet.org\/togo\/#organization"},"potentialAction":[{"@type":"SearchAction","target":{"@type":"EntryPoint","urlTemplate":"https:\/\/aglownet.org\/togo\/?s={search_term_string}"},"query-input":{"@type":"PropertyValueSpecification","valueRequired":true,"valueName":"search_term_string"}}],"inLanguage":"fr-FR"},{"@type":"Organization","@id":"https:\/\/aglownet.org\/togo\/#organization","name":"Aglow International","url":"https:\/\/aglownet.org\/togo\/","logo":{"@type":"ImageObject","inLanguage":"fr-FR","@id":"https:\/\/aglownet.org\/togo\/#\/schema\/logo\/image\/","url":"https:\/\/aglownet.org\/togo\/wp-content\/uploads\/sites\/6\/2018\/02\/Aglow_logo-orange-4cp_tagline.72dpi_12in.png","contentUrl":"https:\/\/aglownet.org\/togo\/wp-content\/uploads\/sites\/6\/2018\/02\/Aglow_logo-orange-4cp_tagline.72dpi_12in.png","width":864,"height":338,"caption":"Aglow International"},"image":{"@id":"https:\/\/aglownet.org\/togo\/#\/schema\/logo\/image\/"}}]}},"_links":{"self":[{"href":"https:\/\/aglownet.org\/togo\/wp-json\/wp\/v2\/pages\/4","targetHints":{"allow":["GET"]}}],"collection":[{"href":"https:\/\/aglownet.org\/togo\/wp-json\/wp\/v2\/pages"}],"about":[{"href":"https:\/\/aglownet.org\/togo\/wp-json\/wp\/v2\/types\/page"}],"author":[{"embeddable":true,"href":"https:\/\/aglownet.org\/togo\/wp-json\/wp\/v2\/users\/2"}],"replies":[{"embeddable":true,"href":"https:\/\/aglownet.org\/togo\/wp-json\/wp\/v2\/comments?post=4"}],"version-history":[{"count":2,"href":"https:\/\/aglownet.org\/togo\/wp-json\/wp\/v2\/pages\/4\/revisions"}],"predecessor-version":[{"id":33,"href":"https:\/\/aglownet.org\/togo\/wp-json\/wp\/v2\/pages\/4\/revisions\/33"}],"wp:attachment":[{"href":"https:\/\/aglownet.org\/togo\/wp-json\/wp\/v2\/media?parent=4"}],"curies":[{"name":"wp","href":"https:\/\/api.w.org\/{rel}","templated":true}]}}