{"id":281,"date":"2015-08-07T16:13:24","date_gmt":"2015-08-07T16:13:24","guid":{"rendered":"http:\/\/aglownet.org\/togo\/global-partnership\/"},"modified":"2022-03-10T18:31:09","modified_gmt":"2022-03-10T18:31:09","slug":"global-partnership","status":"publish","type":"page","link":"https:\/\/aglownet.org\/togo\/global-partnership\/","title":{"rendered":"Global Partnership"},"content":{"rendered":"\n\n\t<p><a href=\"https:\/\/aglownet.org\/togo\/wp-content\/uploads\/sites\/6\/2019\/03\/GlobalPartnerHeader-eng.png\"><img loading=\"lazy\" decoding=\"async\" src=\"https:\/\/aglownet.org\/togo\/wp-content\/uploads\/sites\/6\/2019\/03\/GlobalPartnerHeader-eng-1024x299.png\" alt=\"Global Partnership header\" width=\"605\" height=\"177\" \/><\/a><\/p>\n<h2>We are coming into alignment!<\/h2>\n<p>When our International Board of Directors met recently, they discussed ways that the global ministry of Aglow could come into alignment in greater ways, and were led specifically to the area of Aglow membership.\u00a0 Through prayer and discussion they realized that in the area of membership, we had become 170 separate entities that, if united, would bring Aglow into a spiritual unity as well as a provisional unity.<\/p>\n<h3><a title=\"Global Partnership\" href=\"https:\/\/www.myaglow.org\/sslpage.aspx?pid=418\" target=\"_blank\" rel=\"noopener noreferrer\">Become a Global Partner Now!<\/a><\/h3>\n<p><a title=\"Global Partnership\" href=\"https:\/\/www.myaglow.org\/sslpage.aspx?pid=418\" target=\"_blank\" rel=\"noopener noreferrer\"><img loading=\"lazy\" decoding=\"async\" src=\"https:\/\/aglownet.org\/togo\/wp-content\/uploads\/sites\/6\/2019\/03\/JaneGPmessageRounded-eng-300x135.png\" alt=\"Global Partnership\" width=\"300\" height=\"135\" \/><\/a><a title=\"Global Partnership\" href=\"https:\/\/www.myaglow.org\/globalpartner\" target=\"_blank\" rel=\"noopener noreferrer\">Global Partnership<\/a> connects all nations in the global family of Aglow for the first time since our birth in 1967. It is an exciting day!<\/p>\n<p><em>Aglow is a Kingdom community that is marching forward in establishing a Kingdom culture in the earth.<\/em><\/p>\n<h2>Here is how Global Partnership will work in the US<\/h2>\n<ol>\n<li>The annual fee for Global Partnership in the United States will be $30 as set by the United States Leadership Team.<\/li>\n<li>The Partnership will run for one full year from the day the fee is received at the Headquarters office in Edmonds, WA.<\/li>\n<li>Each Global Partner will receive a Global Partner card. (Card will arrive with 6-8 weeks.)<\/li>\n<li>Each Global Partner will be entitled to one $20 discount towards the annual Headquarters conference registration.\u00a0 (Couples who are both Global Partners and who are signing up at the reduced couples registration rate will only receive one $20 discount.<\/li>\n<\/ol>\n<p><a title=\"Global Partnership sign up\" href=\"https:\/\/www.myaglow.org\/sslpage.aspx?pid=418\" target=\"_blank\" rel=\"noopener noreferrer\">Sign up online<\/a> | <a title=\"Global Partnership flyer\" href=\"http:\/\/store.aglow.org\/collections\/brochures\/products\/global-partner-form-envelope\" target=\"_blank\" rel=\"noopener noreferrer\">Global Partnership Flyer<\/a><\/p>\n<h2>Global Partners are Deliberate Partners<\/h2>\n<p>By becoming a Global Partner, you are taking a giant step to acknowledge your commitment to the vision and mandates that God has given Aglow.\u00a0 Your annual fee goes into the general treasury which supports the Apostolic vision center of the ministry where we are working to prepare a people who are a visual aid of who God is in the earth.<\/p>\n<p><strong>Here are a few ways this is transpiring:<\/strong><\/p>\n<ul>\n<li>Personal development programs like <em>GameChangers<\/em> and <em>LifeChangers<\/em><\/li>\n<li>Transformation trips which provide training while ministering in the nations of the world<\/li>\n<li>Strategic prayer networks connecting over 1 million seasoned intercessors globally that speak with authority into current world issues\n<ul>\n<li>Weekly prayer calls<\/li>\n<li>Urgent global prayer calls initiated by Aglow&rsquo;s President\/CEO<\/li>\n<\/ul>\n<\/li>\n<li>Enrichment opportunities that present Biblical perspectives on\n<ul>\n<li>Men and women walking in dominion as first mentioned\u00a0 (Genesis 1:27-28)<\/li>\n<li>The spirit behind the system of Islam while loving the Muslim people\u00a0 (I Peter 4:8)<\/li>\n<li>Standing as Israel and the Jewish people through annual prayer and education trips and Watchmen on the Wall seminars\u00a0 (Romans 11:17-25)<\/li>\n<li>Freedom for all people as presented through Anti-Trafficking Awareness monthly newsletters\u00a0 (Galatians 5:1)<\/li>\n<li>Vision casting conferences<\/li>\n<\/ul>\n<\/li>\n<li>Won&rsquo;t you go &lsquo;ALL IN&rsquo;?\u00a0 Become a new Global Partner or renew your Global Partnership today.<\/li>\n<li>Contact your local Team today for more details!<\/li>\n<\/ul>\n\n","protected":false},"excerpt":{"rendered":"<p>We are coming into alignment! When our International Board of Directors met recently, they discussed ways that the global ministry of Aglow could come into alignment in greater ways, and&hellip;<\/p>\n","protected":false},"author":2,"featured_media":0,"parent":0,"menu_order":0,"comment_status":"closed","ping_status":"closed","template":"","meta":{"footnotes":""},"class_list":["post-281","page","type-page","status-publish","hentry"],"yoast_head":"<!-- This site is optimized with the Yoast SEO plugin v27.3 - https:\/\/yoast.com\/product\/yoast-seo-wordpress\/ -->\n<title>Global Partnership - Aglow International Togo<\/title>\n<meta name=\"robots\" content=\"index, follow, max-snippet:-1, max-image-preview:large, max-video-preview:-1\" \/>\n<link rel=\"canonical\" href=\"https:\/\/aglownet.org\/togo\/global-partnership\/\" \/>\n<meta property=\"og:locale\" content=\"fr_FR\" \/>\n<meta property=\"og:type\" content=\"article\" \/>\n<meta property=\"og:title\" content=\"Global Partnership - Aglow International Togo\" \/>\n<meta property=\"og:description\" content=\"We are coming into alignment! When our International Board of Directors met recently, they discussed ways that the global ministry of Aglow could come into alignment in greater ways, and&hellip;\" \/>\n<meta property=\"og:url\" content=\"https:\/\/aglownet.org\/togo\/global-partnership\/\" \/>\n<meta property=\"og:site_name\" content=\"Aglow International Togo\" \/>\n<meta property=\"article:modified_time\" content=\"2022-03-10T18:31:09+00:00\" \/>\n<meta property=\"og:image\" content=\"https:\/\/aglownet.org\/togo\/wp-content\/uploads\/sites\/6\/2019\/03\/GlobalPartnerHeader-eng-1024x299.png\" \/>\n<meta name=\"twitter:card\" content=\"summary_large_image\" \/>\n<meta name=\"twitter:label1\" content=\"Dur\u00e9e de lecture estim\u00e9e\" \/>\n\t<meta name=\"twitter:data1\" content=\"2 minutes\" \/>\n<script type=\"application\/ld+json\" class=\"yoast-schema-graph\">{\"@context\":\"https:\\\/\\\/schema.org\",\"@graph\":[{\"@type\":\"WebPage\",\"@id\":\"https:\\\/\\\/aglownet.org\\\/togo\\\/global-partnership\\\/\",\"url\":\"https:\\\/\\\/aglownet.org\\\/togo\\\/global-partnership\\\/\",\"name\":\"Global Partnership - Aglow International Togo\",\"isPartOf\":{\"@id\":\"https:\\\/\\\/aglownet.org\\\/togo\\\/#website\"},\"primaryImageOfPage\":{\"@id\":\"https:\\\/\\\/aglownet.org\\\/togo\\\/global-partnership\\\/#primaryimage\"},\"image\":{\"@id\":\"https:\\\/\\\/aglownet.org\\\/togo\\\/global-partnership\\\/#primaryimage\"},\"thumbnailUrl\":\"https:\\\/\\\/aglownet.org\\\/togo\\\/wp-content\\\/uploads\\\/sites\\\/6\\\/2019\\\/03\\\/GlobalPartnerHeader-eng-1024x299.png\",\"datePublished\":\"2015-08-07T16:13:24+00:00\",\"dateModified\":\"2022-03-10T18:31:09+00:00\",\"breadcrumb\":{\"@id\":\"https:\\\/\\\/aglownet.org\\\/togo\\\/global-partnership\\\/#breadcrumb\"},\"inLanguage\":\"fr-FR\",\"potentialAction\":[{\"@type\":\"ReadAction\",\"target\":[\"https:\\\/\\\/aglownet.org\\\/togo\\\/global-partnership\\\/\"]}]},{\"@type\":\"ImageObject\",\"inLanguage\":\"fr-FR\",\"@id\":\"https:\\\/\\\/aglownet.org\\\/togo\\\/global-partnership\\\/#primaryimage\",\"url\":\"https:\\\/\\\/aglownet.org\\\/togo\\\/wp-content\\\/uploads\\\/sites\\\/6\\\/2019\\\/03\\\/GlobalPartnerHeader-eng.png\",\"contentUrl\":\"https:\\\/\\\/aglownet.org\\\/togo\\\/wp-content\\\/uploads\\\/sites\\\/6\\\/2019\\\/03\\\/GlobalPartnerHeader-eng.png\",\"width\":1540,\"height\":450,\"caption\":\"Global Partnership header\"},{\"@type\":\"BreadcrumbList\",\"@id\":\"https:\\\/\\\/aglownet.org\\\/togo\\\/global-partnership\\\/#breadcrumb\",\"itemListElement\":[{\"@type\":\"ListItem\",\"position\":1,\"name\":\"Home\",\"item\":\"https:\\\/\\\/aglownet.org\\\/togo\\\/\"},{\"@type\":\"ListItem\",\"position\":2,\"name\":\"Global Partnership\"}]},{\"@type\":\"WebSite\",\"@id\":\"https:\\\/\\\/aglownet.org\\\/togo\\\/#website\",\"url\":\"https:\\\/\\\/aglownet.org\\\/togo\\\/\",\"name\":\"Aglow International Togo\",\"description\":\"Chaque nation touch\u00e9e, chaque c\u0153ur transform\u00e9\",\"publisher\":{\"@id\":\"https:\\\/\\\/aglownet.org\\\/togo\\\/#organization\"},\"potentialAction\":[{\"@type\":\"SearchAction\",\"target\":{\"@type\":\"EntryPoint\",\"urlTemplate\":\"https:\\\/\\\/aglownet.org\\\/togo\\\/?s={search_term_string}\"},\"query-input\":{\"@type\":\"PropertyValueSpecification\",\"valueRequired\":true,\"valueName\":\"search_term_string\"}}],\"inLanguage\":\"fr-FR\"},{\"@type\":\"Organization\",\"@id\":\"https:\\\/\\\/aglownet.org\\\/togo\\\/#organization\",\"name\":\"Aglow International\",\"url\":\"https:\\\/\\\/aglownet.org\\\/togo\\\/\",\"logo\":{\"@type\":\"ImageObject\",\"inLanguage\":\"fr-FR\",\"@id\":\"https:\\\/\\\/aglownet.org\\\/togo\\\/#\\\/schema\\\/logo\\\/image\\\/\",\"url\":\"https:\\\/\\\/aglownet.org\\\/togo\\\/wp-content\\\/uploads\\\/sites\\\/6\\\/2018\\\/02\\\/Aglow_logo-orange-4cp_tagline.72dpi_12in.png\",\"contentUrl\":\"https:\\\/\\\/aglownet.org\\\/togo\\\/wp-content\\\/uploads\\\/sites\\\/6\\\/2018\\\/02\\\/Aglow_logo-orange-4cp_tagline.72dpi_12in.png\",\"width\":864,\"height\":338,\"caption\":\"Aglow International\"},\"image\":{\"@id\":\"https:\\\/\\\/aglownet.org\\\/togo\\\/#\\\/schema\\\/logo\\\/image\\\/\"}}]}<\/script>\n<!-- \/ Yoast SEO plugin. -->","yoast_head_json":{"title":"Global Partnership - Aglow International Togo","robots":{"index":"index","follow":"follow","max-snippet":"max-snippet:-1","max-image-preview":"max-image-preview:large","max-video-preview":"max-video-preview:-1"},"canonical":"https:\/\/aglownet.org\/togo\/global-partnership\/","og_locale":"fr_FR","og_type":"article","og_title":"Global Partnership - Aglow International Togo","og_description":"We are coming into alignment! When our International Board of Directors met recently, they discussed ways that the global ministry of Aglow could come into alignment in greater ways, and&hellip;","og_url":"https:\/\/aglownet.org\/togo\/global-partnership\/","og_site_name":"Aglow International Togo","article_modified_time":"2022-03-10T18:31:09+00:00","og_image":[{"url":"https:\/\/aglownet.org\/togo\/wp-content\/uploads\/sites\/6\/2019\/03\/GlobalPartnerHeader-eng-1024x299.png","type":"","width":"","height":""}],"twitter_card":"summary_large_image","twitter_misc":{"Dur\u00e9e de lecture estim\u00e9e":"2 minutes"},"schema":{"@context":"https:\/\/schema.org","@graph":[{"@type":"WebPage","@id":"https:\/\/aglownet.org\/togo\/global-partnership\/","url":"https:\/\/aglownet.org\/togo\/global-partnership\/","name":"Global Partnership - Aglow International Togo","isPartOf":{"@id":"https:\/\/aglownet.org\/togo\/#website"},"primaryImageOfPage":{"@id":"https:\/\/aglownet.org\/togo\/global-partnership\/#primaryimage"},"image":{"@id":"https:\/\/aglownet.org\/togo\/global-partnership\/#primaryimage"},"thumbnailUrl":"https:\/\/aglownet.org\/togo\/wp-content\/uploads\/sites\/6\/2019\/03\/GlobalPartnerHeader-eng-1024x299.png","datePublished":"2015-08-07T16:13:24+00:00","dateModified":"2022-03-10T18:31:09+00:00","breadcrumb":{"@id":"https:\/\/aglownet.org\/togo\/global-partnership\/#breadcrumb"},"inLanguage":"fr-FR","potentialAction":[{"@type":"ReadAction","target":["https:\/\/aglownet.org\/togo\/global-partnership\/"]}]},{"@type":"ImageObject","inLanguage":"fr-FR","@id":"https:\/\/aglownet.org\/togo\/global-partnership\/#primaryimage","url":"https:\/\/aglownet.org\/togo\/wp-content\/uploads\/sites\/6\/2019\/03\/GlobalPartnerHeader-eng.png","contentUrl":"https:\/\/aglownet.org\/togo\/wp-content\/uploads\/sites\/6\/2019\/03\/GlobalPartnerHeader-eng.png","width":1540,"height":450,"caption":"Global Partnership header"},{"@type":"BreadcrumbList","@id":"https:\/\/aglownet.org\/togo\/global-partnership\/#breadcrumb","itemListElement":[{"@type":"ListItem","position":1,"name":"Home","item":"https:\/\/aglownet.org\/togo\/"},{"@type":"ListItem","position":2,"name":"Global Partnership"}]},{"@type":"WebSite","@id":"https:\/\/aglownet.org\/togo\/#website","url":"https:\/\/aglownet.org\/togo\/","name":"Aglow International Togo","description":"Chaque nation touch\u00e9e, chaque c\u0153ur transform\u00e9","publisher":{"@id":"https:\/\/aglownet.org\/togo\/#organization"},"potentialAction":[{"@type":"SearchAction","target":{"@type":"EntryPoint","urlTemplate":"https:\/\/aglownet.org\/togo\/?s={search_term_string}"},"query-input":{"@type":"PropertyValueSpecification","valueRequired":true,"valueName":"search_term_string"}}],"inLanguage":"fr-FR"},{"@type":"Organization","@id":"https:\/\/aglownet.org\/togo\/#organization","name":"Aglow International","url":"https:\/\/aglownet.org\/togo\/","logo":{"@type":"ImageObject","inLanguage":"fr-FR","@id":"https:\/\/aglownet.org\/togo\/#\/schema\/logo\/image\/","url":"https:\/\/aglownet.org\/togo\/wp-content\/uploads\/sites\/6\/2018\/02\/Aglow_logo-orange-4cp_tagline.72dpi_12in.png","contentUrl":"https:\/\/aglownet.org\/togo\/wp-content\/uploads\/sites\/6\/2018\/02\/Aglow_logo-orange-4cp_tagline.72dpi_12in.png","width":864,"height":338,"caption":"Aglow International"},"image":{"@id":"https:\/\/aglownet.org\/togo\/#\/schema\/logo\/image\/"}}]}},"_links":{"self":[{"href":"https:\/\/aglownet.org\/togo\/wp-json\/wp\/v2\/pages\/281","targetHints":{"allow":["GET"]}}],"collection":[{"href":"https:\/\/aglownet.org\/togo\/wp-json\/wp\/v2\/pages"}],"about":[{"href":"https:\/\/aglownet.org\/togo\/wp-json\/wp\/v2\/types\/page"}],"author":[{"embeddable":true,"href":"https:\/\/aglownet.org\/togo\/wp-json\/wp\/v2\/users\/2"}],"replies":[{"embeddable":true,"href":"https:\/\/aglownet.org\/togo\/wp-json\/wp\/v2\/comments?post=281"}],"version-history":[{"count":10,"href":"https:\/\/aglownet.org\/togo\/wp-json\/wp\/v2\/pages\/281\/revisions"}],"predecessor-version":[{"id":460,"href":"https:\/\/aglownet.org\/togo\/wp-json\/wp\/v2\/pages\/281\/revisions\/460"}],"wp:attachment":[{"href":"https:\/\/aglownet.org\/togo\/wp-json\/wp\/v2\/media?parent=281"}],"curies":[{"name":"wp","href":"https:\/\/api.w.org\/{rel}","templated":true}]}}