{"id":23,"date":"2014-05-02T17:41:33","date_gmt":"2014-05-02T17:41:33","guid":{"rendered":"http:\/\/aglownet.org\/togo\/aglow-mandates-2\/"},"modified":"2020-04-16T19:48:36","modified_gmt":"2020-04-16T19:48:36","slug":"aglow-mandates","status":"publish","type":"page","link":"https:\/\/aglownet.org\/togo\/aglow-mandates\/","title":{"rendered":"Aglow Mandates"},"content":{"rendered":"<p>God has spoken three mandates to Aglow. They are prophetic, apostolic and end-time in nature and work hand-in-hand with Aglow\u2019s Vision and Mission Statements.<\/p>\n<p>The three mandates, spoken in ten-year segments, coupled with a strong foundation of prayer and evangelism, have served to form the direction of the ministry in powerful ways.<\/p>\n<p>Our mandates are:<\/p>\n<ul>\n<li>To promote gender reconciliation between male and female in the Body of Christ as God designed from Genesis 1-3. (1981)<\/li>\n<li>To answer God\u2019s call to minister to the Muslim people (1991)<\/li>\n<li>To stand in loving support for Israel and the Jewish people, while helping to bring awareness to the Body of Christ concerning God\u2019s plans and purposes for the nation of Israel. (2001)<\/li>\n<\/ul>\n","protected":false},"excerpt":{"rendered":"<p>God has spoken three mandates to Aglow. They are prophetic, apostolic and end-time in nature and work hand-in-hand with Aglow\u2019s Vision and Mission Statements. The three mandates, spoken in ten-year&hellip;<\/p>\n","protected":false},"author":1,"featured_media":0,"parent":0,"menu_order":0,"comment_status":"closed","ping_status":"closed","template":"","meta":{"footnotes":""},"class_list":["post-23","page","type-page","status-publish","hentry"],"yoast_head":"<!-- This site is optimized with the Yoast SEO plugin v27.3 - https:\/\/yoast.com\/product\/yoast-seo-wordpress\/ -->\n<title>Aglow Mandates - Aglow International Togo<\/title>\n<meta name=\"robots\" content=\"index, follow, max-snippet:-1, max-image-preview:large, max-video-preview:-1\" \/>\n<link rel=\"canonical\" href=\"https:\/\/aglownet.org\/togo\/aglow-mandates\/\" \/>\n<meta property=\"og:locale\" content=\"fr_FR\" \/>\n<meta property=\"og:type\" content=\"article\" \/>\n<meta property=\"og:title\" content=\"Aglow Mandates - Aglow International Togo\" \/>\n<meta property=\"og:description\" content=\"God has spoken three mandates to Aglow. They are prophetic, apostolic and end-time in nature and work hand-in-hand with Aglow\u2019s Vision and Mission Statements. The three mandates, spoken in ten-year&hellip;\" \/>\n<meta property=\"og:url\" content=\"https:\/\/aglownet.org\/togo\/aglow-mandates\/\" \/>\n<meta property=\"og:site_name\" content=\"Aglow International Togo\" \/>\n<meta property=\"article:modified_time\" content=\"2020-04-16T19:48:36+00:00\" \/>\n<meta name=\"twitter:card\" content=\"summary_large_image\" \/>\n<meta name=\"twitter:label1\" content=\"Dur\u00e9e de lecture estim\u00e9e\" \/>\n\t<meta name=\"twitter:data1\" content=\"1 minute\" \/>\n<script type=\"application\/ld+json\" class=\"yoast-schema-graph\">{\"@context\":\"https:\\\/\\\/schema.org\",\"@graph\":[{\"@type\":\"WebPage\",\"@id\":\"https:\\\/\\\/aglownet.org\\\/togo\\\/aglow-mandates\\\/\",\"url\":\"https:\\\/\\\/aglownet.org\\\/togo\\\/aglow-mandates\\\/\",\"name\":\"Aglow Mandates - Aglow International Togo\",\"isPartOf\":{\"@id\":\"https:\\\/\\\/aglownet.org\\\/togo\\\/#website\"},\"datePublished\":\"2014-05-02T17:41:33+00:00\",\"dateModified\":\"2020-04-16T19:48:36+00:00\",\"breadcrumb\":{\"@id\":\"https:\\\/\\\/aglownet.org\\\/togo\\\/aglow-mandates\\\/#breadcrumb\"},\"inLanguage\":\"fr-FR\",\"potentialAction\":[{\"@type\":\"ReadAction\",\"target\":[\"https:\\\/\\\/aglownet.org\\\/togo\\\/aglow-mandates\\\/\"]}]},{\"@type\":\"BreadcrumbList\",\"@id\":\"https:\\\/\\\/aglownet.org\\\/togo\\\/aglow-mandates\\\/#breadcrumb\",\"itemListElement\":[{\"@type\":\"ListItem\",\"position\":1,\"name\":\"Home\",\"item\":\"https:\\\/\\\/aglownet.org\\\/togo\\\/\"},{\"@type\":\"ListItem\",\"position\":2,\"name\":\"Aglow Mandates\"}]},{\"@type\":\"WebSite\",\"@id\":\"https:\\\/\\\/aglownet.org\\\/togo\\\/#website\",\"url\":\"https:\\\/\\\/aglownet.org\\\/togo\\\/\",\"name\":\"Aglow International Togo\",\"description\":\"Chaque nation touch\u00e9e, chaque c\u0153ur transform\u00e9\",\"publisher\":{\"@id\":\"https:\\\/\\\/aglownet.org\\\/togo\\\/#organization\"},\"potentialAction\":[{\"@type\":\"SearchAction\",\"target\":{\"@type\":\"EntryPoint\",\"urlTemplate\":\"https:\\\/\\\/aglownet.org\\\/togo\\\/?s={search_term_string}\"},\"query-input\":{\"@type\":\"PropertyValueSpecification\",\"valueRequired\":true,\"valueName\":\"search_term_string\"}}],\"inLanguage\":\"fr-FR\"},{\"@type\":\"Organization\",\"@id\":\"https:\\\/\\\/aglownet.org\\\/togo\\\/#organization\",\"name\":\"Aglow International\",\"url\":\"https:\\\/\\\/aglownet.org\\\/togo\\\/\",\"logo\":{\"@type\":\"ImageObject\",\"inLanguage\":\"fr-FR\",\"@id\":\"https:\\\/\\\/aglownet.org\\\/togo\\\/#\\\/schema\\\/logo\\\/image\\\/\",\"url\":\"https:\\\/\\\/aglownet.org\\\/togo\\\/wp-content\\\/uploads\\\/sites\\\/6\\\/2018\\\/02\\\/Aglow_logo-orange-4cp_tagline.72dpi_12in.png\",\"contentUrl\":\"https:\\\/\\\/aglownet.org\\\/togo\\\/wp-content\\\/uploads\\\/sites\\\/6\\\/2018\\\/02\\\/Aglow_logo-orange-4cp_tagline.72dpi_12in.png\",\"width\":864,\"height\":338,\"caption\":\"Aglow International\"},\"image\":{\"@id\":\"https:\\\/\\\/aglownet.org\\\/togo\\\/#\\\/schema\\\/logo\\\/image\\\/\"}}]}<\/script>\n<!-- \/ Yoast SEO plugin. -->","yoast_head_json":{"title":"Aglow Mandates - Aglow International Togo","robots":{"index":"index","follow":"follow","max-snippet":"max-snippet:-1","max-image-preview":"max-image-preview:large","max-video-preview":"max-video-preview:-1"},"canonical":"https:\/\/aglownet.org\/togo\/aglow-mandates\/","og_locale":"fr_FR","og_type":"article","og_title":"Aglow Mandates - Aglow International Togo","og_description":"God has spoken three mandates to Aglow. They are prophetic, apostolic and end-time in nature and work hand-in-hand with Aglow\u2019s Vision and Mission Statements. The three mandates, spoken in ten-year&hellip;","og_url":"https:\/\/aglownet.org\/togo\/aglow-mandates\/","og_site_name":"Aglow International Togo","article_modified_time":"2020-04-16T19:48:36+00:00","twitter_card":"summary_large_image","twitter_misc":{"Dur\u00e9e de lecture estim\u00e9e":"1 minute"},"schema":{"@context":"https:\/\/schema.org","@graph":[{"@type":"WebPage","@id":"https:\/\/aglownet.org\/togo\/aglow-mandates\/","url":"https:\/\/aglownet.org\/togo\/aglow-mandates\/","name":"Aglow Mandates - Aglow International Togo","isPartOf":{"@id":"https:\/\/aglownet.org\/togo\/#website"},"datePublished":"2014-05-02T17:41:33+00:00","dateModified":"2020-04-16T19:48:36+00:00","breadcrumb":{"@id":"https:\/\/aglownet.org\/togo\/aglow-mandates\/#breadcrumb"},"inLanguage":"fr-FR","potentialAction":[{"@type":"ReadAction","target":["https:\/\/aglownet.org\/togo\/aglow-mandates\/"]}]},{"@type":"BreadcrumbList","@id":"https:\/\/aglownet.org\/togo\/aglow-mandates\/#breadcrumb","itemListElement":[{"@type":"ListItem","position":1,"name":"Home","item":"https:\/\/aglownet.org\/togo\/"},{"@type":"ListItem","position":2,"name":"Aglow Mandates"}]},{"@type":"WebSite","@id":"https:\/\/aglownet.org\/togo\/#website","url":"https:\/\/aglownet.org\/togo\/","name":"Aglow International Togo","description":"Chaque nation touch\u00e9e, chaque c\u0153ur transform\u00e9","publisher":{"@id":"https:\/\/aglownet.org\/togo\/#organization"},"potentialAction":[{"@type":"SearchAction","target":{"@type":"EntryPoint","urlTemplate":"https:\/\/aglownet.org\/togo\/?s={search_term_string}"},"query-input":{"@type":"PropertyValueSpecification","valueRequired":true,"valueName":"search_term_string"}}],"inLanguage":"fr-FR"},{"@type":"Organization","@id":"https:\/\/aglownet.org\/togo\/#organization","name":"Aglow International","url":"https:\/\/aglownet.org\/togo\/","logo":{"@type":"ImageObject","inLanguage":"fr-FR","@id":"https:\/\/aglownet.org\/togo\/#\/schema\/logo\/image\/","url":"https:\/\/aglownet.org\/togo\/wp-content\/uploads\/sites\/6\/2018\/02\/Aglow_logo-orange-4cp_tagline.72dpi_12in.png","contentUrl":"https:\/\/aglownet.org\/togo\/wp-content\/uploads\/sites\/6\/2018\/02\/Aglow_logo-orange-4cp_tagline.72dpi_12in.png","width":864,"height":338,"caption":"Aglow International"},"image":{"@id":"https:\/\/aglownet.org\/togo\/#\/schema\/logo\/image\/"}}]}},"_links":{"self":[{"href":"https:\/\/aglownet.org\/togo\/wp-json\/wp\/v2\/pages\/23","targetHints":{"allow":["GET"]}}],"collection":[{"href":"https:\/\/aglownet.org\/togo\/wp-json\/wp\/v2\/pages"}],"about":[{"href":"https:\/\/aglownet.org\/togo\/wp-json\/wp\/v2\/types\/page"}],"author":[{"embeddable":true,"href":"https:\/\/aglownet.org\/togo\/wp-json\/wp\/v2\/users\/1"}],"replies":[{"embeddable":true,"href":"https:\/\/aglownet.org\/togo\/wp-json\/wp\/v2\/comments?post=23"}],"version-history":[{"count":3,"href":"https:\/\/aglownet.org\/togo\/wp-json\/wp\/v2\/pages\/23\/revisions"}],"predecessor-version":[{"id":315,"href":"https:\/\/aglownet.org\/togo\/wp-json\/wp\/v2\/pages\/23\/revisions\/315"}],"wp:attachment":[{"href":"https:\/\/aglownet.org\/togo\/wp-json\/wp\/v2\/media?parent=23"}],"curies":[{"name":"wp","href":"https:\/\/api.w.org\/{rel}","templated":true}]}}