{"id":20,"date":"2014-05-02T17:38:33","date_gmt":"2014-05-02T17:38:33","guid":{"rendered":"http:\/\/aglownet.org\/togo\/core-values\/"},"modified":"2020-06-29T16:36:15","modified_gmt":"2020-06-29T16:36:15","slug":"core-values","status":"publish","type":"page","link":"https:\/\/aglownet.org\/togo\/core-values\/","title":{"rendered":"Aglow Core Values"},"content":{"rendered":"<p>As a Kingdom Community, Aglow International is absolutely committed to:<\/p>\n<ul>\n<li><strong><a href=\"https:\/\/aglownet.org\/togo\/wp-content\/uploads\/sites\/6\/2018\/09\/core-values.jpg\"><img loading=\"lazy\" decoding=\"async\" class=\"alignright size-medium wp-image-260\" style=\"border-radius: 10px;\" src=\"https:\/\/aglownet.org\/togo\/wp-content\/uploads\/sites\/6\/2018\/09\/core-values-300x300.jpg\" alt=\"Aglow Core Values\" width=\"300\" height=\"300\" srcset=\"https:\/\/aglownet.org\/togo\/wp-content\/uploads\/sites\/6\/2018\/09\/core-values-300x300.jpg 300w, https:\/\/aglownet.org\/togo\/wp-content\/uploads\/sites\/6\/2018\/09\/core-values-150x150.jpg 150w, https:\/\/aglownet.org\/togo\/wp-content\/uploads\/sites\/6\/2018\/09\/core-values-768x768.jpg 768w, https:\/\/aglownet.org\/togo\/wp-content\/uploads\/sites\/6\/2018\/09\/core-values-100x100.jpg 100w, https:\/\/aglownet.org\/togo\/wp-content\/uploads\/sites\/6\/2018\/09\/core-values-200x200.jpg 200w, https:\/\/aglownet.org\/togo\/wp-content\/uploads\/sites\/6\/2018\/09\/core-values-450x450.jpg 450w, https:\/\/aglownet.org\/togo\/wp-content\/uploads\/sites\/6\/2018\/09\/core-values-600x600.jpg 600w, https:\/\/aglownet.org\/togo\/wp-content\/uploads\/sites\/6\/2018\/09\/core-values.jpg 820w\" sizes=\"auto, (max-width: 300px) 100vw, 300px\" \/><\/a>God\u2019s Presence<\/strong> &#8211; Creating an atmosphere and environment of worship for the presence of God to be encountered. (Psalm 22:3)<\/li>\n<li><strong>Relationship<\/strong> &#8211; Treating each other with integrity, openness, honesty, non-negotiable love, and goodness. (1 Peter 4:8)<\/li>\n<li><strong>Redemption<\/strong> &#8211; Partnering with God for the redemption of all things according to the Gospel. (Colossians 1:13-14)<\/li>\n<li><strong>Freedom<\/strong> &#8211; Standing firm against everything that enslaves. (Galatians 5:1)<\/li>\n<li><strong>Restoration<\/strong> &#8211; Bringing every identity into alignment with the purposes of God. (Romans 12:2, Ephesians 4:22-24)<\/li>\n<li><strong>The Beloved<\/strong> &#8211; Living as a community who knows they are the beloved, and establishes their identity as the Bride. (Song of Solomon 7:10, Ephesians 1:6)<\/li>\n<li><strong>Goodness<\/strong> &#8211; Demonstrating goodness as the power of God to always overcome evil. (Romans 12:21, Acts 10:38)<\/li>\n<li><strong>Radiance<\/strong> &#8211; Having radiant encounters with God, leading to a brilliant experience of who Christ is in us. (Ephesians 1:17-20)<\/li>\n<li><strong>God\u2019s Kingdom<\/strong> &#8211; Expressing the nature of God through reconciliation to the world He loves. (2 Corinthians 5:18-20, Colossians 1:19,20)<\/li>\n<li><strong>Supernatural Power<\/strong> &#8211; Moving in signs, wonders, and miracles to demonstrate the heaven-to-earth nature of life in the Spirit. (Mark 16:17-18, 1 Corinthians 12:4-11)<\/li>\n<\/ul>\n","protected":false},"excerpt":{"rendered":"<p>As a Kingdom Community, Aglow International is absolutely committed to: God\u2019s Presence &#8211; Creating an atmosphere and environment of worship for the presence of God to be encountered. (Psalm 22:3)&hellip;<\/p>\n","protected":false},"author":1,"featured_media":0,"parent":0,"menu_order":0,"comment_status":"closed","ping_status":"closed","template":"","meta":{"footnotes":""},"class_list":["post-20","page","type-page","status-publish","hentry"],"yoast_head":"<!-- This site is optimized with the Yoast SEO plugin v27.3 - https:\/\/yoast.com\/product\/yoast-seo-wordpress\/ -->\n<title>Aglow Core Values - Aglow International Togo<\/title>\n<meta name=\"robots\" content=\"index, follow, max-snippet:-1, max-image-preview:large, max-video-preview:-1\" \/>\n<link rel=\"canonical\" href=\"https:\/\/aglownet.org\/togo\/core-values\/\" \/>\n<meta property=\"og:locale\" content=\"fr_FR\" \/>\n<meta property=\"og:type\" content=\"article\" \/>\n<meta property=\"og:title\" content=\"Aglow Core Values - Aglow International Togo\" \/>\n<meta property=\"og:description\" content=\"As a Kingdom Community, Aglow International is absolutely committed to: God\u2019s Presence &#8211; Creating an atmosphere and environment of worship for the presence of God to be encountered. (Psalm 22:3)&hellip;\" \/>\n<meta property=\"og:url\" content=\"https:\/\/aglownet.org\/togo\/core-values\/\" \/>\n<meta property=\"og:site_name\" content=\"Aglow International Togo\" \/>\n<meta property=\"article:modified_time\" content=\"2020-06-29T16:36:15+00:00\" \/>\n<meta property=\"og:image\" content=\"https:\/\/aglownet.org\/togo\/wp-content\/uploads\/sites\/6\/2018\/09\/core-values-300x300.jpg\" \/>\n<meta name=\"twitter:card\" content=\"summary_large_image\" \/>\n<meta name=\"twitter:label1\" content=\"Dur\u00e9e de lecture estim\u00e9e\" \/>\n\t<meta name=\"twitter:data1\" content=\"1 minute\" \/>\n<script type=\"application\/ld+json\" class=\"yoast-schema-graph\">{\"@context\":\"https:\\\/\\\/schema.org\",\"@graph\":[{\"@type\":\"WebPage\",\"@id\":\"https:\\\/\\\/aglownet.org\\\/togo\\\/core-values\\\/\",\"url\":\"https:\\\/\\\/aglownet.org\\\/togo\\\/core-values\\\/\",\"name\":\"Aglow Core Values - Aglow International Togo\",\"isPartOf\":{\"@id\":\"https:\\\/\\\/aglownet.org\\\/togo\\\/#website\"},\"primaryImageOfPage\":{\"@id\":\"https:\\\/\\\/aglownet.org\\\/togo\\\/core-values\\\/#primaryimage\"},\"image\":{\"@id\":\"https:\\\/\\\/aglownet.org\\\/togo\\\/core-values\\\/#primaryimage\"},\"thumbnailUrl\":\"https:\\\/\\\/aglownet.org\\\/togo\\\/wp-content\\\/uploads\\\/sites\\\/6\\\/2018\\\/09\\\/core-values-300x300.jpg\",\"datePublished\":\"2014-05-02T17:38:33+00:00\",\"dateModified\":\"2020-06-29T16:36:15+00:00\",\"breadcrumb\":{\"@id\":\"https:\\\/\\\/aglownet.org\\\/togo\\\/core-values\\\/#breadcrumb\"},\"inLanguage\":\"fr-FR\",\"potentialAction\":[{\"@type\":\"ReadAction\",\"target\":[\"https:\\\/\\\/aglownet.org\\\/togo\\\/core-values\\\/\"]}]},{\"@type\":\"ImageObject\",\"inLanguage\":\"fr-FR\",\"@id\":\"https:\\\/\\\/aglownet.org\\\/togo\\\/core-values\\\/#primaryimage\",\"url\":\"https:\\\/\\\/aglownet.org\\\/togo\\\/wp-content\\\/uploads\\\/sites\\\/6\\\/2018\\\/09\\\/core-values.jpg\",\"contentUrl\":\"https:\\\/\\\/aglownet.org\\\/togo\\\/wp-content\\\/uploads\\\/sites\\\/6\\\/2018\\\/09\\\/core-values.jpg\",\"width\":820,\"height\":820,\"caption\":\"Aglow Core Values\"},{\"@type\":\"BreadcrumbList\",\"@id\":\"https:\\\/\\\/aglownet.org\\\/togo\\\/core-values\\\/#breadcrumb\",\"itemListElement\":[{\"@type\":\"ListItem\",\"position\":1,\"name\":\"Home\",\"item\":\"https:\\\/\\\/aglownet.org\\\/togo\\\/\"},{\"@type\":\"ListItem\",\"position\":2,\"name\":\"Aglow Core Values\"}]},{\"@type\":\"WebSite\",\"@id\":\"https:\\\/\\\/aglownet.org\\\/togo\\\/#website\",\"url\":\"https:\\\/\\\/aglownet.org\\\/togo\\\/\",\"name\":\"Aglow International Togo\",\"description\":\"Chaque nation touch\u00e9e, chaque c\u0153ur transform\u00e9\",\"publisher\":{\"@id\":\"https:\\\/\\\/aglownet.org\\\/togo\\\/#organization\"},\"potentialAction\":[{\"@type\":\"SearchAction\",\"target\":{\"@type\":\"EntryPoint\",\"urlTemplate\":\"https:\\\/\\\/aglownet.org\\\/togo\\\/?s={search_term_string}\"},\"query-input\":{\"@type\":\"PropertyValueSpecification\",\"valueRequired\":true,\"valueName\":\"search_term_string\"}}],\"inLanguage\":\"fr-FR\"},{\"@type\":\"Organization\",\"@id\":\"https:\\\/\\\/aglownet.org\\\/togo\\\/#organization\",\"name\":\"Aglow International\",\"url\":\"https:\\\/\\\/aglownet.org\\\/togo\\\/\",\"logo\":{\"@type\":\"ImageObject\",\"inLanguage\":\"fr-FR\",\"@id\":\"https:\\\/\\\/aglownet.org\\\/togo\\\/#\\\/schema\\\/logo\\\/image\\\/\",\"url\":\"https:\\\/\\\/aglownet.org\\\/togo\\\/wp-content\\\/uploads\\\/sites\\\/6\\\/2018\\\/02\\\/Aglow_logo-orange-4cp_tagline.72dpi_12in.png\",\"contentUrl\":\"https:\\\/\\\/aglownet.org\\\/togo\\\/wp-content\\\/uploads\\\/sites\\\/6\\\/2018\\\/02\\\/Aglow_logo-orange-4cp_tagline.72dpi_12in.png\",\"width\":864,\"height\":338,\"caption\":\"Aglow International\"},\"image\":{\"@id\":\"https:\\\/\\\/aglownet.org\\\/togo\\\/#\\\/schema\\\/logo\\\/image\\\/\"}}]}<\/script>\n<!-- \/ Yoast SEO plugin. -->","yoast_head_json":{"title":"Aglow Core Values - Aglow International Togo","robots":{"index":"index","follow":"follow","max-snippet":"max-snippet:-1","max-image-preview":"max-image-preview:large","max-video-preview":"max-video-preview:-1"},"canonical":"https:\/\/aglownet.org\/togo\/core-values\/","og_locale":"fr_FR","og_type":"article","og_title":"Aglow Core Values - Aglow International Togo","og_description":"As a Kingdom Community, Aglow International is absolutely committed to: God\u2019s Presence &#8211; Creating an atmosphere and environment of worship for the presence of God to be encountered. (Psalm 22:3)&hellip;","og_url":"https:\/\/aglownet.org\/togo\/core-values\/","og_site_name":"Aglow International Togo","article_modified_time":"2020-06-29T16:36:15+00:00","og_image":[{"url":"https:\/\/aglownet.org\/togo\/wp-content\/uploads\/sites\/6\/2018\/09\/core-values-300x300.jpg","type":"","width":"","height":""}],"twitter_card":"summary_large_image","twitter_misc":{"Dur\u00e9e de lecture estim\u00e9e":"1 minute"},"schema":{"@context":"https:\/\/schema.org","@graph":[{"@type":"WebPage","@id":"https:\/\/aglownet.org\/togo\/core-values\/","url":"https:\/\/aglownet.org\/togo\/core-values\/","name":"Aglow Core Values - Aglow International Togo","isPartOf":{"@id":"https:\/\/aglownet.org\/togo\/#website"},"primaryImageOfPage":{"@id":"https:\/\/aglownet.org\/togo\/core-values\/#primaryimage"},"image":{"@id":"https:\/\/aglownet.org\/togo\/core-values\/#primaryimage"},"thumbnailUrl":"https:\/\/aglownet.org\/togo\/wp-content\/uploads\/sites\/6\/2018\/09\/core-values-300x300.jpg","datePublished":"2014-05-02T17:38:33+00:00","dateModified":"2020-06-29T16:36:15+00:00","breadcrumb":{"@id":"https:\/\/aglownet.org\/togo\/core-values\/#breadcrumb"},"inLanguage":"fr-FR","potentialAction":[{"@type":"ReadAction","target":["https:\/\/aglownet.org\/togo\/core-values\/"]}]},{"@type":"ImageObject","inLanguage":"fr-FR","@id":"https:\/\/aglownet.org\/togo\/core-values\/#primaryimage","url":"https:\/\/aglownet.org\/togo\/wp-content\/uploads\/sites\/6\/2018\/09\/core-values.jpg","contentUrl":"https:\/\/aglownet.org\/togo\/wp-content\/uploads\/sites\/6\/2018\/09\/core-values.jpg","width":820,"height":820,"caption":"Aglow Core Values"},{"@type":"BreadcrumbList","@id":"https:\/\/aglownet.org\/togo\/core-values\/#breadcrumb","itemListElement":[{"@type":"ListItem","position":1,"name":"Home","item":"https:\/\/aglownet.org\/togo\/"},{"@type":"ListItem","position":2,"name":"Aglow Core Values"}]},{"@type":"WebSite","@id":"https:\/\/aglownet.org\/togo\/#website","url":"https:\/\/aglownet.org\/togo\/","name":"Aglow International Togo","description":"Chaque nation touch\u00e9e, chaque c\u0153ur transform\u00e9","publisher":{"@id":"https:\/\/aglownet.org\/togo\/#organization"},"potentialAction":[{"@type":"SearchAction","target":{"@type":"EntryPoint","urlTemplate":"https:\/\/aglownet.org\/togo\/?s={search_term_string}"},"query-input":{"@type":"PropertyValueSpecification","valueRequired":true,"valueName":"search_term_string"}}],"inLanguage":"fr-FR"},{"@type":"Organization","@id":"https:\/\/aglownet.org\/togo\/#organization","name":"Aglow International","url":"https:\/\/aglownet.org\/togo\/","logo":{"@type":"ImageObject","inLanguage":"fr-FR","@id":"https:\/\/aglownet.org\/togo\/#\/schema\/logo\/image\/","url":"https:\/\/aglownet.org\/togo\/wp-content\/uploads\/sites\/6\/2018\/02\/Aglow_logo-orange-4cp_tagline.72dpi_12in.png","contentUrl":"https:\/\/aglownet.org\/togo\/wp-content\/uploads\/sites\/6\/2018\/02\/Aglow_logo-orange-4cp_tagline.72dpi_12in.png","width":864,"height":338,"caption":"Aglow International"},"image":{"@id":"https:\/\/aglownet.org\/togo\/#\/schema\/logo\/image\/"}}]}},"_links":{"self":[{"href":"https:\/\/aglownet.org\/togo\/wp-json\/wp\/v2\/pages\/20","targetHints":{"allow":["GET"]}}],"collection":[{"href":"https:\/\/aglownet.org\/togo\/wp-json\/wp\/v2\/pages"}],"about":[{"href":"https:\/\/aglownet.org\/togo\/wp-json\/wp\/v2\/types\/page"}],"author":[{"embeddable":true,"href":"https:\/\/aglownet.org\/togo\/wp-json\/wp\/v2\/users\/1"}],"replies":[{"embeddable":true,"href":"https:\/\/aglownet.org\/togo\/wp-json\/wp\/v2\/comments?post=20"}],"version-history":[{"count":28,"href":"https:\/\/aglownet.org\/togo\/wp-json\/wp\/v2\/pages\/20\/revisions"}],"predecessor-version":[{"id":331,"href":"https:\/\/aglownet.org\/togo\/wp-json\/wp\/v2\/pages\/20\/revisions\/331"}],"wp:attachment":[{"href":"https:\/\/aglownet.org\/togo\/wp-json\/wp\/v2\/media?parent=20"}],"curies":[{"name":"wp","href":"https:\/\/api.w.org\/{rel}","templated":true}]}}