{"id":126,"date":"2015-08-07T19:58:27","date_gmt":"2015-08-07T19:58:27","guid":{"rendered":"http:\/\/aglownet.org\/togo\/parteneriat-mondial\/"},"modified":"2015-08-07T19:58:27","modified_gmt":"2015-08-07T19:58:27","slug":"parteneriat-mondial","status":"publish","type":"page","link":"https:\/\/aglownet.org\/togo\/parteneriat-mondial\/","title":{"rendered":"Parteneriat Mondial"},"content":{"rendered":"<h3><a href=\"https:\/\/aglownet.org\/wp-content\/uploads\/2015\/08\/GlobalPartnerHeader-fr.png\"><img loading=\"lazy\" decoding=\"async\" class=\"aligncenter size-large wp-image-217\" src=\"https:\/\/aglownet.org\/wp-content\/uploads\/2015\/08\/GlobalPartnerHeader-fr-1024x299.png\" alt=\"Parteneriat Mondial\" width=\"605\" height=\"177\" \/><\/a><span style=\"color: #ff6600;\">Nous nous alignons aux Plans de Dieu!<\/span><\/h3>\n<p>Lorsque notre Conseil d\u2019Administration international s\u2019est r\u00e9uni l\u2019an pass\u00e9, il s\u2019est mis \u00e0 r\u00e9fl\u00e9chir aux diff\u00e9rents moyens de voir notre minist\u00e8re international s\u2019aligner davantage aux plans de Dieu et fut conduit en particulier vers la question de l\u2019adh\u00e9sion des membres Aglow. Dans la\u00a0 discussion, le partage et la pri\u00e8re, ils ont compris que sur la question de l\u2019adh\u00e9sion, nous sommes devenus 170 entit\u00e9s s\u00e9par\u00e9es mais que si nous nous unissons, nous am\u00e8nerions le minist\u00e8re Aglow dans une unit\u00e9 spirituelle mais aussi provisionnelle.<\/p>\n<h3><a title=\"Parteneriat Mondial\" href=\"https:\/\/www.myaglow.org\/sslpage.aspx?pid=418\" target=\"_blank\"><span style=\"color: #ff6600;\">Devenir Partenaire Mondial Maintenant<\/span><\/a><\/h3>\n<p><a href=\"https:\/\/aglownet.org\/wp-content\/uploads\/2015\/08\/JaneGPmessageRounded-fr.png\"><img loading=\"lazy\" decoding=\"async\" class=\"alignright size-medium wp-image-218\" src=\"https:\/\/aglownet.org\/wp-content\/uploads\/2015\/08\/JaneGPmessageRounded-fr-300x135.png\" alt=\"Parteneriat Mondial\" width=\"300\" height=\"135\" \/><\/a>Notre Programme de Partenariat Mondial nous permet de connecter <em><strong>toutes<\/strong><\/em> les nations de la famille mondiale pour la premi\u00e8re fois depuis notre naissance en 1967. Quel privil\u00e8ge merveilleux!<\/p>\n<p><em>Aglow est une Communaut\u00e9 du Royaume qui va de l\u2019avant pour \u00e9tablir une culture du Royaume sur terre.<\/em><\/p>\n<h3><span style=\"color: #ff6600;\">Le Partenariat Mondial aux USA<\/span><\/h3>\n<ol>\n<li>La cotisation annuelle pour les Etats-Unis est fix\u00e9e \u00e0 40$ selon les modalit\u00e9s \u00e9tablies par l\u2019\u00e9quipe de responsables US.<\/li>\n<li>Le programme de partenariat est valable pour une ann\u00e9e \u00e0 partir du jour o\u00f9 la cotisation est enregistr\u00e9e au si\u00e8ge international d\u2019Edmonds, WA.<\/li>\n<li>Chaque membre du programme de partenariat mondial recevra une carte de membre- partenaire. (Les cartes seront disponibles dans un d\u00e9lai de 6 \u00e0 8 semaines.)<\/li>\n<li>Chaque partenaire mondial aura droit \u00e0 une r\u00e9duction de 20 $ sur l\u2019inscription \u00e0 la conf\u00e9rence annuelle du Si\u00e8ge.\u00a0 (Les couples qui sont tous deux membres du programme de partenariat ne pourront b\u00e9n\u00e9ficier que d\u2019une seule r\u00e9duction de 20 $).<\/li>\n<\/ol>\n<h3><span style=\"color: #ff6600;\">Une NOUVELLE OPPORTUNITE A SAISIR!<\/span><\/h3>\n<p><strong>Lorsque vous vous inscrivez ou que vous renouvelez<\/strong> votre participation \u00e0 une r\u00e9union Candela,\u00a0 une rencontre r\u00e9gionale, ou un \u00e9v\u00e8nement organis\u00e9 par la responsable de la pri\u00e8re de votre Etat, la responsable recueillera toutes les cotisations et les enverra au Si\u00e8ge.\u00a0 Pour chaque cotisation individuelle envoy\u00e9e, l\u2019\u00e9quipe de responsables recevra une remise de 5$ dans sa tr\u00e9sorerie locale.\u00a0\u00a0 Non seulement votre cotisation apporte un soutien au travail fait par le si\u00e8ge international mais elle contribue aussi \u00e0 l\u2019\u0153uvre d\u2019Aglow dans votre communaut\u00e9, votre Etat ou votre r\u00e9gion ; c\u2019est donnant, donnant!<\/p>\n<p><strong>Les frais d\u2019inscription de tous ceux qui s\u2019inscrivent individuellement en ligne ou par courrier seront directement allou\u00e9s au soutien de l\u2019\u0153uvre mondiale.<\/strong><\/p>\n<p><a title=\"Parteneriat Mondial\" href=\"https:\/\/www.myaglow.org\/sslpage.aspx?pid=418\" target=\"_blank\">S\u2019inscrire en ligne<\/a> | <a title=\"Parteneriat Mondial\" href=\"http:\/\/store.aglow.org\/collections\/brochures\/products\/global-partner-form-envelope\" target=\"_blank\">Brochure Partenariat Mondial<\/a><\/p>\n<h3><span style=\"color: #ff6600;\">Les Partenaires Internationaux d\u2019Aglow sont D\u00e9termin\u00e9s<\/span><\/h3>\n<p>En devenant partenaire mondial, vous faites un pas de g\u00e9ant et vous d\u00e9clarez votre engagement dans la vision et dans les mandats que Dieu a donn\u00e9 \u00e0 Aglow.\u00a0 Votre inscription annuelle entre dans la tr\u00e9sorerie annuelle pour soutenir le centre de la vision Apostolique du minist\u00e8re o\u00f9 nous travaillons \u00e0 pr\u00e9parera un peuple qui soit une repr\u00e9sentation visuelle de qui est Dieu sur terre.<\/p>\n<p><strong>Voici comment cela apparait:<\/strong><\/p>\n<ul>\n<li>Cours de d\u00e9veloppement personnel avec les programmes comme GameChangers et LifeChangers<\/li>\n<li>Voyages-Transformation et formation lors de voyage missionnaires dans le monde<\/li>\n<li>R\u00e9seaux de pri\u00e8re strat\u00e9giques qui relient plus d\u2019un million d\u2019intercesseurs dans le monde; des gens qui savent prier avec autorit\u00e9 pour des sujets d\u2019actualit\u00e9 urgents\n<ul>\n<li>Appels de pri\u00e8re Hebdomadaires<\/li>\n<li>Sujets de Pri\u00e8re Urgents \u00e0 la discr\u00e9tion de la Pr\u00e9sidente\/DG Aglow<\/li>\n<\/ul>\n<\/li>\n<li>Perspectives bibliques d\u2019\u00e9panouissement et d\u2019enrichissement personnel\n<ul>\n<li>Hommes et femme unis et marchant ensemble dans l\u2019autorit\u00e9 selon le plan initial de Dieu (Gen\u00e8se)<\/li>\n<li>Comprendre l\u2019esprit derri\u00e8re l\u2019Islam tout en aimant le peuple musulman\u00a0 (I Pierre 4:8)<\/li>\n<li>Soutenir Isra\u00ebl et le peuple juif lors de voyages missionnaires annuels, par des temps de pri\u00e8re et de s\u00e9minaires de \u00ab Sentinelles sur la Muraille \u00bb (Romains 11:17-25)<\/li>\n<li>La libert\u00e9 pour tous ; lettres d\u2019infos mensuelles pour pr\u00e9senter la lutte contre la traite des humains (Galates 5:1)<\/li>\n<\/ul>\n<\/li>\n<\/ul>\n","protected":false},"excerpt":{"rendered":"<p>Nous nous alignons aux Plans de Dieu! Lorsque notre Conseil d\u2019Administration international s\u2019est r\u00e9uni l\u2019an pass\u00e9, il s\u2019est mis \u00e0 r\u00e9fl\u00e9chir aux diff\u00e9rents moyens de voir notre minist\u00e8re international s\u2019aligner&hellip;<\/p>\n","protected":false},"author":2,"featured_media":0,"parent":0,"menu_order":0,"comment_status":"closed","ping_status":"closed","template":"","meta":{"footnotes":""},"class_list":["post-126","page","type-page","status-publish","hentry"],"yoast_head":"<!-- This site is optimized with the Yoast SEO plugin v27.4 - https:\/\/yoast.com\/product\/yoast-seo-wordpress\/ -->\n<title>Parteneriat Mondial - Aglow International Togo<\/title>\n<meta name=\"robots\" content=\"index, follow, max-snippet:-1, max-image-preview:large, max-video-preview:-1\" \/>\n<link rel=\"canonical\" href=\"https:\/\/aglownet.org\/togo\/parteneriat-mondial\/\" \/>\n<meta property=\"og:locale\" content=\"fr_FR\" \/>\n<meta property=\"og:type\" content=\"article\" \/>\n<meta property=\"og:title\" content=\"Parteneriat Mondial - Aglow International Togo\" \/>\n<meta property=\"og:description\" content=\"Nous nous alignons aux Plans de Dieu! Lorsque notre Conseil d\u2019Administration international s\u2019est r\u00e9uni l\u2019an pass\u00e9, il s\u2019est mis \u00e0 r\u00e9fl\u00e9chir aux diff\u00e9rents moyens de voir notre minist\u00e8re international s\u2019aligner&hellip;\" \/>\n<meta property=\"og:url\" content=\"https:\/\/aglownet.org\/togo\/parteneriat-mondial\/\" \/>\n<meta property=\"og:site_name\" content=\"Aglow International Togo\" \/>\n<meta property=\"og:image\" content=\"https:\/\/aglownet.org\/wp-content\/uploads\/2015\/08\/GlobalPartnerHeader-fr-1024x299.png\" \/>\n<meta name=\"twitter:card\" content=\"summary_large_image\" \/>\n<meta name=\"twitter:label1\" content=\"Dur\u00e9e de lecture estim\u00e9e\" \/>\n\t<meta name=\"twitter:data1\" content=\"3 minutes\" \/>\n<script type=\"application\/ld+json\" class=\"yoast-schema-graph\">{\"@context\":\"https:\\\/\\\/schema.org\",\"@graph\":[{\"@type\":\"WebPage\",\"@id\":\"https:\\\/\\\/aglownet.org\\\/togo\\\/parteneriat-mondial\\\/\",\"url\":\"https:\\\/\\\/aglownet.org\\\/togo\\\/parteneriat-mondial\\\/\",\"name\":\"Parteneriat Mondial - Aglow International Togo\",\"isPartOf\":{\"@id\":\"https:\\\/\\\/aglownet.org\\\/togo\\\/#website\"},\"primaryImageOfPage\":{\"@id\":\"https:\\\/\\\/aglownet.org\\\/togo\\\/parteneriat-mondial\\\/#primaryimage\"},\"image\":{\"@id\":\"https:\\\/\\\/aglownet.org\\\/togo\\\/parteneriat-mondial\\\/#primaryimage\"},\"thumbnailUrl\":\"https:\\\/\\\/aglownet.org\\\/wp-content\\\/uploads\\\/2015\\\/08\\\/GlobalPartnerHeader-fr-1024x299.png\",\"datePublished\":\"2015-08-07T19:58:27+00:00\",\"breadcrumb\":{\"@id\":\"https:\\\/\\\/aglownet.org\\\/togo\\\/parteneriat-mondial\\\/#breadcrumb\"},\"inLanguage\":\"fr-FR\",\"potentialAction\":[{\"@type\":\"ReadAction\",\"target\":[\"https:\\\/\\\/aglownet.org\\\/togo\\\/parteneriat-mondial\\\/\"]}]},{\"@type\":\"ImageObject\",\"inLanguage\":\"fr-FR\",\"@id\":\"https:\\\/\\\/aglownet.org\\\/togo\\\/parteneriat-mondial\\\/#primaryimage\",\"url\":\"https:\\\/\\\/aglownet.org\\\/wp-content\\\/uploads\\\/2015\\\/08\\\/GlobalPartnerHeader-fr-1024x299.png\",\"contentUrl\":\"https:\\\/\\\/aglownet.org\\\/wp-content\\\/uploads\\\/2015\\\/08\\\/GlobalPartnerHeader-fr-1024x299.png\"},{\"@type\":\"BreadcrumbList\",\"@id\":\"https:\\\/\\\/aglownet.org\\\/togo\\\/parteneriat-mondial\\\/#breadcrumb\",\"itemListElement\":[{\"@type\":\"ListItem\",\"position\":1,\"name\":\"Home\",\"item\":\"https:\\\/\\\/aglownet.org\\\/togo\\\/\"},{\"@type\":\"ListItem\",\"position\":2,\"name\":\"Parteneriat Mondial\"}]},{\"@type\":\"WebSite\",\"@id\":\"https:\\\/\\\/aglownet.org\\\/togo\\\/#website\",\"url\":\"https:\\\/\\\/aglownet.org\\\/togo\\\/\",\"name\":\"Aglow International Togo\",\"description\":\"Chaque nation touch\u00e9e, chaque c\u0153ur transform\u00e9\",\"publisher\":{\"@id\":\"https:\\\/\\\/aglownet.org\\\/togo\\\/#organization\"},\"potentialAction\":[{\"@type\":\"SearchAction\",\"target\":{\"@type\":\"EntryPoint\",\"urlTemplate\":\"https:\\\/\\\/aglownet.org\\\/togo\\\/?s={search_term_string}\"},\"query-input\":{\"@type\":\"PropertyValueSpecification\",\"valueRequired\":true,\"valueName\":\"search_term_string\"}}],\"inLanguage\":\"fr-FR\"},{\"@type\":\"Organization\",\"@id\":\"https:\\\/\\\/aglownet.org\\\/togo\\\/#organization\",\"name\":\"Aglow International\",\"url\":\"https:\\\/\\\/aglownet.org\\\/togo\\\/\",\"logo\":{\"@type\":\"ImageObject\",\"inLanguage\":\"fr-FR\",\"@id\":\"https:\\\/\\\/aglownet.org\\\/togo\\\/#\\\/schema\\\/logo\\\/image\\\/\",\"url\":\"https:\\\/\\\/aglownet.org\\\/togo\\\/wp-content\\\/uploads\\\/sites\\\/6\\\/2018\\\/02\\\/Aglow_logo-orange-4cp_tagline.72dpi_12in.png\",\"contentUrl\":\"https:\\\/\\\/aglownet.org\\\/togo\\\/wp-content\\\/uploads\\\/sites\\\/6\\\/2018\\\/02\\\/Aglow_logo-orange-4cp_tagline.72dpi_12in.png\",\"width\":864,\"height\":338,\"caption\":\"Aglow International\"},\"image\":{\"@id\":\"https:\\\/\\\/aglownet.org\\\/togo\\\/#\\\/schema\\\/logo\\\/image\\\/\"}}]}<\/script>\n<!-- \/ Yoast SEO plugin. -->","yoast_head_json":{"title":"Parteneriat Mondial - Aglow International Togo","robots":{"index":"index","follow":"follow","max-snippet":"max-snippet:-1","max-image-preview":"max-image-preview:large","max-video-preview":"max-video-preview:-1"},"canonical":"https:\/\/aglownet.org\/togo\/parteneriat-mondial\/","og_locale":"fr_FR","og_type":"article","og_title":"Parteneriat Mondial - Aglow International Togo","og_description":"Nous nous alignons aux Plans de Dieu! Lorsque notre Conseil d\u2019Administration international s\u2019est r\u00e9uni l\u2019an pass\u00e9, il s\u2019est mis \u00e0 r\u00e9fl\u00e9chir aux diff\u00e9rents moyens de voir notre minist\u00e8re international s\u2019aligner&hellip;","og_url":"https:\/\/aglownet.org\/togo\/parteneriat-mondial\/","og_site_name":"Aglow International Togo","og_image":[{"url":"https:\/\/aglownet.org\/wp-content\/uploads\/2015\/08\/GlobalPartnerHeader-fr-1024x299.png","type":"","width":"","height":""}],"twitter_card":"summary_large_image","twitter_misc":{"Dur\u00e9e de lecture estim\u00e9e":"3 minutes"},"schema":{"@context":"https:\/\/schema.org","@graph":[{"@type":"WebPage","@id":"https:\/\/aglownet.org\/togo\/parteneriat-mondial\/","url":"https:\/\/aglownet.org\/togo\/parteneriat-mondial\/","name":"Parteneriat Mondial - Aglow International Togo","isPartOf":{"@id":"https:\/\/aglownet.org\/togo\/#website"},"primaryImageOfPage":{"@id":"https:\/\/aglownet.org\/togo\/parteneriat-mondial\/#primaryimage"},"image":{"@id":"https:\/\/aglownet.org\/togo\/parteneriat-mondial\/#primaryimage"},"thumbnailUrl":"https:\/\/aglownet.org\/wp-content\/uploads\/2015\/08\/GlobalPartnerHeader-fr-1024x299.png","datePublished":"2015-08-07T19:58:27+00:00","breadcrumb":{"@id":"https:\/\/aglownet.org\/togo\/parteneriat-mondial\/#breadcrumb"},"inLanguage":"fr-FR","potentialAction":[{"@type":"ReadAction","target":["https:\/\/aglownet.org\/togo\/parteneriat-mondial\/"]}]},{"@type":"ImageObject","inLanguage":"fr-FR","@id":"https:\/\/aglownet.org\/togo\/parteneriat-mondial\/#primaryimage","url":"https:\/\/aglownet.org\/wp-content\/uploads\/2015\/08\/GlobalPartnerHeader-fr-1024x299.png","contentUrl":"https:\/\/aglownet.org\/wp-content\/uploads\/2015\/08\/GlobalPartnerHeader-fr-1024x299.png"},{"@type":"BreadcrumbList","@id":"https:\/\/aglownet.org\/togo\/parteneriat-mondial\/#breadcrumb","itemListElement":[{"@type":"ListItem","position":1,"name":"Home","item":"https:\/\/aglownet.org\/togo\/"},{"@type":"ListItem","position":2,"name":"Parteneriat Mondial"}]},{"@type":"WebSite","@id":"https:\/\/aglownet.org\/togo\/#website","url":"https:\/\/aglownet.org\/togo\/","name":"Aglow International Togo","description":"Chaque nation touch\u00e9e, chaque c\u0153ur transform\u00e9","publisher":{"@id":"https:\/\/aglownet.org\/togo\/#organization"},"potentialAction":[{"@type":"SearchAction","target":{"@type":"EntryPoint","urlTemplate":"https:\/\/aglownet.org\/togo\/?s={search_term_string}"},"query-input":{"@type":"PropertyValueSpecification","valueRequired":true,"valueName":"search_term_string"}}],"inLanguage":"fr-FR"},{"@type":"Organization","@id":"https:\/\/aglownet.org\/togo\/#organization","name":"Aglow International","url":"https:\/\/aglownet.org\/togo\/","logo":{"@type":"ImageObject","inLanguage":"fr-FR","@id":"https:\/\/aglownet.org\/togo\/#\/schema\/logo\/image\/","url":"https:\/\/aglownet.org\/togo\/wp-content\/uploads\/sites\/6\/2018\/02\/Aglow_logo-orange-4cp_tagline.72dpi_12in.png","contentUrl":"https:\/\/aglownet.org\/togo\/wp-content\/uploads\/sites\/6\/2018\/02\/Aglow_logo-orange-4cp_tagline.72dpi_12in.png","width":864,"height":338,"caption":"Aglow International"},"image":{"@id":"https:\/\/aglownet.org\/togo\/#\/schema\/logo\/image\/"}}]}},"_links":{"self":[{"href":"https:\/\/aglownet.org\/togo\/wp-json\/wp\/v2\/pages\/126","targetHints":{"allow":["GET"]}}],"collection":[{"href":"https:\/\/aglownet.org\/togo\/wp-json\/wp\/v2\/pages"}],"about":[{"href":"https:\/\/aglownet.org\/togo\/wp-json\/wp\/v2\/types\/page"}],"author":[{"embeddable":true,"href":"https:\/\/aglownet.org\/togo\/wp-json\/wp\/v2\/users\/2"}],"replies":[{"embeddable":true,"href":"https:\/\/aglownet.org\/togo\/wp-json\/wp\/v2\/comments?post=126"}],"version-history":[{"count":0,"href":"https:\/\/aglownet.org\/togo\/wp-json\/wp\/v2\/pages\/126\/revisions"}],"wp:attachment":[{"href":"https:\/\/aglownet.org\/togo\/wp-json\/wp\/v2\/media?parent=126"}],"curies":[{"name":"wp","href":"https:\/\/api.w.org\/{rel}","templated":true}]}}