{"id":100,"date":"2015-04-17T19:41:16","date_gmt":"2015-04-17T19:41:16","guid":{"rendered":"http:\/\/aglownet.org\/togo\/?page_id=100"},"modified":"2015-04-17T19:41:16","modified_gmt":"2015-04-17T19:41:16","slug":"priere","status":"publish","type":"page","link":"https:\/\/aglownet.org\/togo\/priere\/","title":{"rendered":"Pri\u00e8re"},"content":{"rendered":"<p>L\u2019association de femmes Aglow est une porte ouverte pour sortir toutes les potentialit\u00e9s que Dieu a naturellement encr\u00e9es dans la femme en vue de vaincre le mal.<\/p>\n<p>En ces termes dans Gen\u00e8se 3 : 5., la Parole pr\u00e9cise que : \u00ab l\u2019inimiti\u00e9 que Dieu a mise entre l\u2019ennemi et les femmes \u00bb d\u00e8s lors que la femme fut la premi\u00e8re \u00e0 d\u00e9masquer l\u2019ennemi pour qui il \u00e9tait r\u00e9ellement. Elle dit : \u00ab il m\u2019a tromp\u00e9 et j\u2019ai mang\u00e9.\u00bb La Parole de Dieu s\u2019inscrit dans ce contexte : \u00ab A partir de ce jour et pour l\u2019\u00e9ternit\u00e9, Satan, elle sera celle qui va d\u00e9voiler maintes et maintes fois qui tu es vraiment. Moi, Dieu, je mettrai inimiti\u00e9 entre toi, Satan, et la femme, entre ta post\u00e9rit\u00e9 et sa post\u00e9rit\u00e9 et il viendra de la femme une post\u00e9rit\u00e9 qui causera ta destruction totale, mais celle qui sortira de toi ne fera que lui blesser le talon. \u00bb<\/p>\n<p>Depuis ce temps, Satan craint que ne se r\u00e9veille et ne se l\u00e8ve ce qui brille dans la femme. A travers cette parole proph\u00e9tique, Dieu lib\u00e8re en la femme chr\u00e9tienne une \u00e9nergie \u00e0 m\u00eame d\u2019impulser les actions positives dans toute communaut\u00e9 gangr\u00e9n\u00e9e d\u2019atrocit\u00e9s et d\u2019injustices de tout genre. La pri\u00e8re constitue l\u2019arme puissante mise \u00e0 disposition de tout chr\u00e9tien par Dieu pour lutter contre l\u2019ennemi.<\/p>\n<p>L\u2019efficacit\u00e9 de cette pri\u00e8re commence \u00e0 partir de chaque cellule familiale pour atteindre une communaut\u00e9 plus grande et la cr\u00e9ation d\u2019une maison universelle de pri\u00e8re pour les nations. Conscientes des \u00e9v\u00e9nements mondiaux, les femmes Aglow interc\u00e8dent pour l\u2019accomplissement de la volont\u00e9 de Dieu sur la terre.<\/p>\n","protected":false},"excerpt":{"rendered":"<p>L\u2019association de femmes Aglow est une porte ouverte pour sortir toutes les potentialit\u00e9s que Dieu a naturellement encr\u00e9es dans la femme en vue de vaincre le mal. En ces termes&hellip;<\/p>\n","protected":false},"author":2,"featured_media":0,"parent":0,"menu_order":0,"comment_status":"open","ping_status":"open","template":"","meta":{"footnotes":""},"class_list":["post-100","page","type-page","status-publish","hentry"],"yoast_head":"<!-- This site is optimized with the Yoast SEO plugin v27.3 - https:\/\/yoast.com\/product\/yoast-seo-wordpress\/ -->\n<title>Pri\u00e8re - Aglow International Togo<\/title>\n<meta name=\"robots\" content=\"index, follow, max-snippet:-1, max-image-preview:large, max-video-preview:-1\" \/>\n<link rel=\"canonical\" href=\"https:\/\/aglownet.org\/togo\/priere\/\" \/>\n<meta property=\"og:locale\" content=\"fr_FR\" \/>\n<meta property=\"og:type\" content=\"article\" \/>\n<meta property=\"og:title\" content=\"Pri\u00e8re - Aglow International Togo\" \/>\n<meta property=\"og:description\" content=\"L\u2019association de femmes Aglow est une porte ouverte pour sortir toutes les potentialit\u00e9s que Dieu a naturellement encr\u00e9es dans la femme en vue de vaincre le mal. En ces termes&hellip;\" \/>\n<meta property=\"og:url\" content=\"https:\/\/aglownet.org\/togo\/priere\/\" \/>\n<meta property=\"og:site_name\" content=\"Aglow International Togo\" \/>\n<meta name=\"twitter:card\" content=\"summary_large_image\" \/>\n<meta name=\"twitter:label1\" content=\"Dur\u00e9e de lecture estim\u00e9e\" \/>\n\t<meta name=\"twitter:data1\" content=\"1 minute\" \/>\n<script type=\"application\/ld+json\" class=\"yoast-schema-graph\">{\"@context\":\"https:\\\/\\\/schema.org\",\"@graph\":[{\"@type\":\"WebPage\",\"@id\":\"https:\\\/\\\/aglownet.org\\\/togo\\\/priere\\\/\",\"url\":\"https:\\\/\\\/aglownet.org\\\/togo\\\/priere\\\/\",\"name\":\"Pri\u00e8re - Aglow International Togo\",\"isPartOf\":{\"@id\":\"https:\\\/\\\/aglownet.org\\\/togo\\\/#website\"},\"datePublished\":\"2015-04-17T19:41:16+00:00\",\"breadcrumb\":{\"@id\":\"https:\\\/\\\/aglownet.org\\\/togo\\\/priere\\\/#breadcrumb\"},\"inLanguage\":\"fr-FR\",\"potentialAction\":[{\"@type\":\"ReadAction\",\"target\":[\"https:\\\/\\\/aglownet.org\\\/togo\\\/priere\\\/\"]}]},{\"@type\":\"BreadcrumbList\",\"@id\":\"https:\\\/\\\/aglownet.org\\\/togo\\\/priere\\\/#breadcrumb\",\"itemListElement\":[{\"@type\":\"ListItem\",\"position\":1,\"name\":\"Home\",\"item\":\"https:\\\/\\\/aglownet.org\\\/togo\\\/\"},{\"@type\":\"ListItem\",\"position\":2,\"name\":\"Pri\u00e8re\"}]},{\"@type\":\"WebSite\",\"@id\":\"https:\\\/\\\/aglownet.org\\\/togo\\\/#website\",\"url\":\"https:\\\/\\\/aglownet.org\\\/togo\\\/\",\"name\":\"Aglow International Togo\",\"description\":\"Chaque nation touch\u00e9e, chaque c\u0153ur transform\u00e9\",\"publisher\":{\"@id\":\"https:\\\/\\\/aglownet.org\\\/togo\\\/#organization\"},\"potentialAction\":[{\"@type\":\"SearchAction\",\"target\":{\"@type\":\"EntryPoint\",\"urlTemplate\":\"https:\\\/\\\/aglownet.org\\\/togo\\\/?s={search_term_string}\"},\"query-input\":{\"@type\":\"PropertyValueSpecification\",\"valueRequired\":true,\"valueName\":\"search_term_string\"}}],\"inLanguage\":\"fr-FR\"},{\"@type\":\"Organization\",\"@id\":\"https:\\\/\\\/aglownet.org\\\/togo\\\/#organization\",\"name\":\"Aglow International\",\"url\":\"https:\\\/\\\/aglownet.org\\\/togo\\\/\",\"logo\":{\"@type\":\"ImageObject\",\"inLanguage\":\"fr-FR\",\"@id\":\"https:\\\/\\\/aglownet.org\\\/togo\\\/#\\\/schema\\\/logo\\\/image\\\/\",\"url\":\"https:\\\/\\\/aglownet.org\\\/togo\\\/wp-content\\\/uploads\\\/sites\\\/6\\\/2018\\\/02\\\/Aglow_logo-orange-4cp_tagline.72dpi_12in.png\",\"contentUrl\":\"https:\\\/\\\/aglownet.org\\\/togo\\\/wp-content\\\/uploads\\\/sites\\\/6\\\/2018\\\/02\\\/Aglow_logo-orange-4cp_tagline.72dpi_12in.png\",\"width\":864,\"height\":338,\"caption\":\"Aglow International\"},\"image\":{\"@id\":\"https:\\\/\\\/aglownet.org\\\/togo\\\/#\\\/schema\\\/logo\\\/image\\\/\"}}]}<\/script>\n<!-- \/ Yoast SEO plugin. -->","yoast_head_json":{"title":"Pri\u00e8re - Aglow International Togo","robots":{"index":"index","follow":"follow","max-snippet":"max-snippet:-1","max-image-preview":"max-image-preview:large","max-video-preview":"max-video-preview:-1"},"canonical":"https:\/\/aglownet.org\/togo\/priere\/","og_locale":"fr_FR","og_type":"article","og_title":"Pri\u00e8re - Aglow International Togo","og_description":"L\u2019association de femmes Aglow est une porte ouverte pour sortir toutes les potentialit\u00e9s que Dieu a naturellement encr\u00e9es dans la femme en vue de vaincre le mal. En ces termes&hellip;","og_url":"https:\/\/aglownet.org\/togo\/priere\/","og_site_name":"Aglow International Togo","twitter_card":"summary_large_image","twitter_misc":{"Dur\u00e9e de lecture estim\u00e9e":"1 minute"},"schema":{"@context":"https:\/\/schema.org","@graph":[{"@type":"WebPage","@id":"https:\/\/aglownet.org\/togo\/priere\/","url":"https:\/\/aglownet.org\/togo\/priere\/","name":"Pri\u00e8re - Aglow International Togo","isPartOf":{"@id":"https:\/\/aglownet.org\/togo\/#website"},"datePublished":"2015-04-17T19:41:16+00:00","breadcrumb":{"@id":"https:\/\/aglownet.org\/togo\/priere\/#breadcrumb"},"inLanguage":"fr-FR","potentialAction":[{"@type":"ReadAction","target":["https:\/\/aglownet.org\/togo\/priere\/"]}]},{"@type":"BreadcrumbList","@id":"https:\/\/aglownet.org\/togo\/priere\/#breadcrumb","itemListElement":[{"@type":"ListItem","position":1,"name":"Home","item":"https:\/\/aglownet.org\/togo\/"},{"@type":"ListItem","position":2,"name":"Pri\u00e8re"}]},{"@type":"WebSite","@id":"https:\/\/aglownet.org\/togo\/#website","url":"https:\/\/aglownet.org\/togo\/","name":"Aglow International Togo","description":"Chaque nation touch\u00e9e, chaque c\u0153ur transform\u00e9","publisher":{"@id":"https:\/\/aglownet.org\/togo\/#organization"},"potentialAction":[{"@type":"SearchAction","target":{"@type":"EntryPoint","urlTemplate":"https:\/\/aglownet.org\/togo\/?s={search_term_string}"},"query-input":{"@type":"PropertyValueSpecification","valueRequired":true,"valueName":"search_term_string"}}],"inLanguage":"fr-FR"},{"@type":"Organization","@id":"https:\/\/aglownet.org\/togo\/#organization","name":"Aglow International","url":"https:\/\/aglownet.org\/togo\/","logo":{"@type":"ImageObject","inLanguage":"fr-FR","@id":"https:\/\/aglownet.org\/togo\/#\/schema\/logo\/image\/","url":"https:\/\/aglownet.org\/togo\/wp-content\/uploads\/sites\/6\/2018\/02\/Aglow_logo-orange-4cp_tagline.72dpi_12in.png","contentUrl":"https:\/\/aglownet.org\/togo\/wp-content\/uploads\/sites\/6\/2018\/02\/Aglow_logo-orange-4cp_tagline.72dpi_12in.png","width":864,"height":338,"caption":"Aglow International"},"image":{"@id":"https:\/\/aglownet.org\/togo\/#\/schema\/logo\/image\/"}}]}},"_links":{"self":[{"href":"https:\/\/aglownet.org\/togo\/wp-json\/wp\/v2\/pages\/100","targetHints":{"allow":["GET"]}}],"collection":[{"href":"https:\/\/aglownet.org\/togo\/wp-json\/wp\/v2\/pages"}],"about":[{"href":"https:\/\/aglownet.org\/togo\/wp-json\/wp\/v2\/types\/page"}],"author":[{"embeddable":true,"href":"https:\/\/aglownet.org\/togo\/wp-json\/wp\/v2\/users\/2"}],"replies":[{"embeddable":true,"href":"https:\/\/aglownet.org\/togo\/wp-json\/wp\/v2\/comments?post=100"}],"version-history":[{"count":1,"href":"https:\/\/aglownet.org\/togo\/wp-json\/wp\/v2\/pages\/100\/revisions"}],"predecessor-version":[{"id":101,"href":"https:\/\/aglownet.org\/togo\/wp-json\/wp\/v2\/pages\/100\/revisions\/101"}],"wp:attachment":[{"href":"https:\/\/aglownet.org\/togo\/wp-json\/wp\/v2\/media?parent=100"}],"curies":[{"name":"wp","href":"https:\/\/api.w.org\/{rel}","templated":true}]}}